{"id":1662,"date":"2016-07-22T08:41:30","date_gmt":"2016-07-22T07:41:30","guid":{"rendered":"http:\/\/studioreb.fr\/lde\/?page_id=1662"},"modified":"2018-04-02T09:40:59","modified_gmt":"2018-04-02T08:40:59","slug":"cartographie-auteurs","status":"publish","type":"page","link":"http:\/\/lalorrainedesecrivains.univ-lorraine.fr\/en\/cartographie-auteurs\/","title":{"rendered":"Writers"},"content":{"rendered":"<p>[vc_row full_width=&#8221;stretch_row&#8221; parallax=&#8221;content-moving&#8221; parallax_image=&#8221;2020&#8243;][vc_column css=&#8221;.vc_custom_1474363993754{margin-top: 50px !important;margin-bottom: 50px !important;}&#8221;][vc_custom_heading text=&#8221;CORPUS OF THE WRITERS OF LORRAINE&#8221; font_container=&#8221;tag:h1|font_size:64|text_align:center|color:%23ffffff&#8221; google_fonts=&#8221;font_family:Lato%3A100%2C100italic%2C300%2C300italic%2Cregular%2Citalic%2C700%2C700italic%2C900%2C900italic|font_style:400%20regular%3A400%3Anormal&#8221; css=&#8221;.vc_custom_1511624174166{margin-top: 50px !important;margin-bottom: 50px !important;padding-top: 50px !important;padding-bottom: 50px !important;}&#8221;][vc_empty_space height=&#8221;10px&#8221;][\/vc_column][\/vc_row][vc_row][vc_column][vc_row_inner][vc_column_inner width=&#8221;1\/2&#8243;][vc_custom_heading text=&#8221;CONSTITUTION OF THE CORPUS OF THE WRITERS OF LORRAINE: OBJECTIVES AND SELECTION CRITERIA&#8221; font_container=&#8221;tag:h2|font_size:36|text_align:left|color:%23000000&#8243; google_fonts=&#8221;font_family:Lato%3A100%2C100italic%2C300%2C300italic%2Cregular%2Citalic%2C700%2C700italic%2C900%2C900italic|font_style:700%20bold%20regular%3A700%3Anormal&#8221;][vc_single_image image=&#8221;2217&#8243; img_size=&#8221;full&#8221;][vc_column_text]<strong><em>If the administrative geography of Lorraine suffered deep upheavals until the XX century, it\u2019s in the XVIII century that its territory was consolidated, with a progressive incorporation to France of the Duchy of Lorraine, of Bar, and of the Three Bishoprics. It is from this period that the writers&#8217; corpus of Lorraine was designed, even though a retrospective covering the previous centuries would be welcome in the future. The importance of online cartography shows also the choice regarding the borders of the region of Lorraine, in force up to December 31, 2015.<\/em><\/strong><\/p>\n<p>A land of welcome, exchanges and substantial migrations, the Lorraine region has seen a very large number of renowned writers passing through it, or even living there for a while. However, it is necessary to define more specifically the identity of the region of Lorraine and in particular what is likely to contribute to the forming of a true field of local literature. Authors were thus selected for the corpus, who were born and lived in Lorraine or who lived in it long enough for their work and personal background to be affected. Logically, the Cartography also concerns authors born elsewhere but who were living or who had lived in Lorraine a sufficient amount of time, along with authors born in Lorraine but living in other parts of France. A specific place will be given to native German authors from the region of Lorraine,usually unrecognized too often.<\/p>\n<p>The proposed cartography regards all literary genres, including comic strip authors, youth literature writers, and lyricists. Authors not part of these specific domains were excluded (librarians, historians, political essayists, scientists, media personalities, but also linguists, literature teachers, etc.), except in case one or more of their works match objectively with the literary field. Each selected author must have participated in the life of his\/her place of residence or in the local literary life, several publications must have been listed; and as for the playwrights, they must have written a play represented on a local or national stage.<\/p>\n<p>The corpus available for the general public is not a selection of authors based on their literary quality, and in no way does it pretend to certify authors or their works. First, it seeks to list the existing authors without claiming any exhaustiveness, to highlight the diversity and the treasures of the current and former literary life of Lorraine, and to allow a large public to become acquainted with it, as well as allowing researchers to conduct thorough studies. It is neither a fixed dictionary of the diverse literary forms and players in Lorraine, but a living project, still under study and open to outside advice and additions. In this way it aims, within its standards, to contribute to its enhancement with the general public, researchers, and any institutional player, as well as of the history and of the literary life especially rich in the region of Lorraine.[\/vc_column_text][vc_column_text css=&#8221;.vc_custom_1511624034520{padding-top: 10px !important;padding-right: 20px !important;padding-bottom: 20px !important;padding-left: 20px !important;background-color: #eaeaea !important;}&#8221;]The sources utilized are monographies and references on the writers of Lorraine, in particular :<br \/>\nMichel Caffier, <em>Dictionnaire des litt\u00e9ratures de Lorraine<\/em>, Metz\u00a0: Ed. Serpernoise, 2003.<br \/>\nMichel Caffier, <em>Nancy : entre les lignes, Nancy\u00a0<\/em>: PUN,<em> 1993.<br \/>\n<\/em>Marcel Cordier, <em>La Lorraine des \u00e9crivains<\/em>, Epinal\u00a0: Ed. du Sapin d\u2019Or, 2008.<br \/>\nBernard Lorraine, <em>Lorraine, tes po\u00e8tes\u00a0: une anthologie<\/em>, Metz\u00a0: Ed. Serpenoise, 1983.<br \/>\nBernard Lorraine, <em>Panorama de la po\u00e9sie en Lorraine des origines \u00e0 nos jours<\/em>, Metz\u00a0: Ed Serpenoise, 1999.<\/p>\n<p><em>Voyage en Lorraine. R\u00e9cits et t\u00e9moignages d&#8217;\u00e9crivains-voyageurs en Lorraine au XIXe s<\/em> \/ \u00e9d. \u00e9tablie par Patrick Maunand. Urrugne, \u00e9d. Pimientos.\u00a0 2007.<\/p>\n<p>Besides, the corpus includes the contribution of the Regional Book Centre for the most recent authors.[\/vc_column_text][\/vc_column_inner][vc_column_inner width=&#8221;1\/2&#8243;][vc_masonry_media_grid gap=&#8221;0&#8243; grid_id=&#8221;vc_gid:1522658302565-e72ebec5-989f-1&#8243; include=&#8221;2288,2289,2290,2291,3391,2292,2293,2294,2313,2297,2298,2299,2300,2301,2302,2304,2305,2306,2307,2308,2312,2309,3587,3593&#8243;][\/vc_column_inner][\/vc_row_inner][\/vc_column][\/vc_row][vc_row][vc_column][vc_row_inner][vc_column_inner][vc_column_text css=&#8221;.vc_custom_1511625741747{margin-bottom: 0px !important;}&#8221;]<\/p>\n<h1 style=\"text-align: center;\"><span style=\"color: #999999;\"><strong>The Writers of Lorraine<br \/>\n<\/strong><\/span><img loading=\"lazy\" decoding=\"async\" class=\"alignnone size-full wp-image-2217\" src=\"http:\/\/test-lde.univ-lorraine.fr\/wp-content\/uploads\/2016\/07\/filet-rouge-150.png\" alt=\"filet-rouge-150\" width=\"150\" height=\"9\" \/><\/h1>\n<p>[\/vc_column_text][vc_empty_space][vc_column_text]\n<!-- iframe plugin v.4.5 wordpress.org\/plugins\/iframe\/ -->\n<iframe loading=\"lazy\" src=\"http:\/\/tonic-geo2.uni.lu:8080\/atlasfx\/js\/index.html?mapId=132\" width=\"100%\" height=\"600\" scrolling=\"yes\" class=\"iframe-class\" frameborder=\"0\"><\/iframe>\n[\/vc_column_text][\/vc_column_inner][\/vc_row_inner][\/vc_column][\/vc_row][vc_row][vc_column][vc_column_text]<\/p>\n<h3 style=\"text-align: center;\"><img loading=\"lazy\" decoding=\"async\" class=\"alignnone size-full wp-image-2761\" src=\"http:\/\/lalorrainedesecrivains.univ-lorraine.fr\/wp-content\/uploads\/2016\/07\/filet-rouge4.png\" alt=\"filet-rouge4\" width=\"246\" height=\"5\" \/><\/h3>\n<p>[\/vc_column_text][\/vc_column][\/vc_row][vc_row full_width=&#8221;stretch_row&#8221; parallax=&#8221;content-moving&#8221; parallax_image=&#8221;1273&#8243;][vc_column][vc_empty_space height=&#8221;150px&#8221;][\/vc_column][\/vc_row]<\/p>","protected":false},"excerpt":{"rendered":"<p>[vc_row full_width=&#8221;stretch_row&#8221; parallax=&#8221;content-moving&#8221; parallax_image=&#8221;2020&#8243;][vc_column css=&#8221;.vc_custom_1474363993754{margin-top: 50px !important;margin-bottom: 50px !important;}&#8221;][vc_custom_heading text=&#8221;CORPUS OF THE WRITERS OF LORRAINE&#8221; font_container=&#8221;tag:h1|font_size:64|text_align:center|color:%23ffffff&#8221; google_fonts=&#8221;font_family:Lato%3A100%2C100italic%2C300%2C300italic%2Cregular%2Citalic%2C700%2C700italic%2C900%2C900italic|font_style:400%20regular%3A400%3Anormal&#8221; css=&#8221;.vc_custom_1511624174166{margin-top: 50px !important;margin-bottom: 50px !important;padding-top: 50px !important;padding-bottom: 50px !important;}&#8221;][vc_empty_space height=&#8221;10px&#8221;][\/vc_column][\/vc_row][vc_row][vc_column][vc_row_inner][vc_column_inner<\/p>\n<p> <a class=\"more-link\" href=\"http:\/\/lalorrainedesecrivains.univ-lorraine.fr\/en\/cartographie-auteurs\/\">Lire la suite<\/a><\/p>\n","protected":false},"author":3,"featured_media":0,"parent":0,"menu_order":0,"comment_status":"closed","ping_status":"closed","template":"","meta":{"footnotes":""},"class_list":["post-1662","page","type-page","status-publish","hentry"],"_links":{"self":[{"href":"http:\/\/lalorrainedesecrivains.univ-lorraine.fr\/en\/wp-json\/wp\/v2\/pages\/1662","targetHints":{"allow":["GET"]}}],"collection":[{"href":"http:\/\/lalorrainedesecrivains.univ-lorraine.fr\/en\/wp-json\/wp\/v2\/pages"}],"about":[{"href":"http:\/\/lalorrainedesecrivains.univ-lorraine.fr\/en\/wp-json\/wp\/v2\/types\/page"}],"author":[{"embeddable":true,"href":"http:\/\/lalorrainedesecrivains.univ-lorraine.fr\/en\/wp-json\/wp\/v2\/users\/3"}],"replies":[{"embeddable":true,"href":"http:\/\/lalorrainedesecrivains.univ-lorraine.fr\/en\/wp-json\/wp\/v2\/comments?post=1662"}],"version-history":[{"count":137,"href":"http:\/\/lalorrainedesecrivains.univ-lorraine.fr\/en\/wp-json\/wp\/v2\/pages\/1662\/revisions"}],"predecessor-version":[{"id":4577,"href":"http:\/\/lalorrainedesecrivains.univ-lorraine.fr\/en\/wp-json\/wp\/v2\/pages\/1662\/revisions\/4577"}],"wp:attachment":[{"href":"http:\/\/lalorrainedesecrivains.univ-lorraine.fr\/en\/wp-json\/wp\/v2\/media?parent=1662"}],"curies":[{"name":"wp","href":"https:\/\/api.w.org\/{rel}","templated":true}]}}