{"id":3782,"date":"2017-07-07T16:31:47","date_gmt":"2017-07-07T15:31:47","guid":{"rendered":"http:\/\/lalorrainedesecrivains.univ-lorraine.fr\/?page_id=3782"},"modified":"2017-08-24T14:42:25","modified_gmt":"2017-08-24T13:42:25","slug":"actes-numeriques-des-journees-detude-internationales-la-lorraine-des-ecrivains-creation-litteraire-et-territoire-1-2-dec-2016-metz","status":"publish","type":"page","link":"http:\/\/lalorrainedesecrivains.univ-lorraine.fr\/en\/actes-numeriques-des-journees-detude-internationales-la-lorraine-des-ecrivains-creation-litteraire-et-territoire-1-2-dec-2016-metz\/","title":{"rendered":"Actes num\u00e9riques des journ\u00e9es d&#8217;\u00e9tude &#8220;La Lorraine des \u00e9crivains&#8221;"},"content":{"rendered":"<p>[vc_row][vc_column][vc_column_text]<\/p>\n<h1>Actes num\u00e9riques des journ\u00e9es d\u2019\u00e9tude internationales<br \/>\n\u00ab\u00a0La lorraine des \u00e9crivains\u00a0: cr\u00e9ation litt\u00e9raire et territoire\u00a0\u00bb<br \/>\n(1-2 d\u00e9cembre 2016, Metz)<\/h1>\n<hr \/>\n<p>sous la direction de Carole Bisenius-Penin<\/p>\n<hr \/>\n<h2>Pr\u00e9sentation<\/h2>\n<p>Dans le cadre du programme scientifique \u00ab\u00a0<strong>La Lorraine des \u00e9crivains\u00a0\u00bb, <\/strong>en partenariat avec le p\u00f4le D\u00e9mocratisation et industries culturelles de la DRAC Grand Est et le Conseil R\u00e9gional Grand Est, les 1<sup>res<\/sup> journ\u00e9es d\u2019\u00e9tude internationales du projet consacr\u00e9 \u00e0 la probl\u00e9matique cr\u00e9ation litt\u00e9raire et territoire, ont \u00e9t\u00e9 organis\u00e9es par le Crem (Centre de recherche sur les m\u00e9diations), les 1-2 d\u00e9cembre 2016, \u00e0 l\u2019Universit\u00e9 de Lorraine. \u00a0Ces conf\u00e9rences se sont articul\u00e9es autour de 3 axes\u00a0: une perspective historique proposant une analyse de l\u2019univers d\u2019\u00e9crivains lorrains (Charles de Villers, Maurice Barr\u00e8s, Andr\u00e9 Spire, Gustave Kahn, \u00a0Erckmann-Chatrian, ou encore Philippe Claudel), une perspective g\u00e9opo\u00e9tique traitant de la question de l\u2019espace litt\u00e9raire et enfin une perspective patrimoniale et culturelle croisant promenades litt\u00e9raires, g\u00e9otourisme et g\u00e9olocalisation.<\/p>\n<p>Ces actes num\u00e9riques sont aussi le lieu d\u2019une articulation entre recherche et cr\u00e9ation car en plus des articles scientifiques, le public pourra \u00e9galement d\u00e9couvrir les exp\u00e9rimentations litt\u00e9raires r\u00e9alis\u00e9es lors d\u2019un atelier d\u2019\u00e9criture d\u00e9ambulatoire au c\u0153ur de la ville de Metz, sur le sentier des lanternes ou sur les march\u00e9s de No\u00ebl, une autre fa\u00e7on de s\u2019approprier le territoire.<\/p>\n<hr \/>\n<h2>Sommaire<\/h2>\n<p>[\/vc_column_text][\/vc_column][\/vc_row][vc_row][vc_column][vc_column_text]<\/p>\n<hr \/>\n<h3><span style=\"color: #ff0000;\">Articles scientifiques<\/span><\/h3>\n<h4>Les \u00e9crivains lorrains : approche cartographique, historique et g\u00e9ocritique<\/h4>\n<p>[\/vc_column_text][\/vc_column][\/vc_row][vc_row][vc_column width=&#8221;1\/3&#8243;][vc_single_image image=&#8221;3837&#8243; img_size=&#8221;medium&#8221; onclick=&#8221;custom_link&#8221; link=&#8221;http:\/\/lalorrainedesecrivains.univ-lorraine.fr\/malte-helfer\/&#8221;][\/vc_column][vc_column width=&#8221;2\/3&#8243;][vc_column_text]Malte Helfer<\/p>\n<h2><a href=\"http:\/\/lalorrainedesecrivains.univ-lorraine.fr\/malte-helfer\/\">La repr\u00e9sentation de la litt\u00e9rature de la Lorraine dans l\u2019espace \u2013 utilisation d\u2019un syst\u00e8me d\u2019information g\u00e9ographique <em>via<\/em> internet<\/a><\/h2>\n<p>[\/vc_column_text][\/vc_column][\/vc_row][vc_row][vc_column width=&#8221;2\/3&#8243;][vc_column_text]<\/p>\n<p style=\"text-align: right;\">Nicolas Brucker<\/p>\n<h2 style=\"text-align: right;\"><a href=\"http:\/\/lalorrainedesecrivains.univ-lorraine.fr\/nicolas-brucker\/\">Charles de Villers deux cents apr\u00e8s, ou l\u2019opportunit\u00e9 d\u2019\u00eatre lorrain<\/a><\/h2>\n<p>[\/vc_column_text][\/vc_column][vc_column width=&#8221;1\/3&#8243;][vc_single_image image=&#8221;3830&#8243; img_size=&#8221;medium&#8221; onclick=&#8221;custom_link&#8221; link=&#8221;http:\/\/lalorrainedesecrivains.univ-lorraine.fr\/nicolas-brucker\/&#8221;][\/vc_column][\/vc_row][vc_row][vc_column width=&#8221;1\/3&#8243;][vc_single_image image=&#8221;3841&#8243; img_size=&#8221;medium&#8221; onclick=&#8221;custom_link&#8221; link=&#8221;http:\/\/lalorrainedesecrivains.univ-lorraine.fr\/philippe-alexandre\/&#8221;][\/vc_column][vc_column width=&#8221;2\/3&#8243;][vc_column_text]Philippe Alexandre<\/p>\n<h2><a href=\"http:\/\/lalorrainedesecrivains.univ-lorraine.fr\/philippe-alexandre\/\">Lorraine mythique et Lorraine du terroir\u00a0chez Maurice Barr\u00e8s, Maurice Pottecher et les \u00e9crivains r\u00e9gionalistes<\/a><\/h2>\n<p>[\/vc_column_text][\/vc_column][\/vc_row][vc_row][vc_column width=&#8221;2\/3&#8243;][vc_column_text]<\/p>\n<p style=\"text-align: right;\">Catherine Fhima<\/p>\n<h2 style=\"text-align: right;\"><a href=\"http:\/\/lalorrainedesecrivains.univ-lorraine.fr\/catherine-fhima\/\">Arch\u00e9ologie d\u2019une m\u00e9moire lorraine chez des \u00e9crivains juifs fran\u00e7ais autour de 1900<\/a><\/h2>\n<p>[\/vc_column_text][\/vc_column][vc_column width=&#8221;1\/3&#8243;][vc_single_image image=&#8221;3831&#8243; img_size=&#8221;medium&#8221; onclick=&#8221;custom_link&#8221; link=&#8221;http:\/\/lalorrainedesecrivains.univ-lorraine.fr\/catherine-fhima\/&#8221;][\/vc_column][\/vc_row][vc_row][vc_column width=&#8221;1\/3&#8243;][vc_single_image image=&#8221;3832&#8243; img_size=&#8221;medium&#8221; onclick=&#8221;custom_link&#8221; link=&#8221;http:\/\/lalorrainedesecrivains.univ-lorraine.fr\/pierre-luc-landry-et-eric-mathieu\/&#8221;][\/vc_column][vc_column width=&#8221;2\/3&#8243;][vc_column_text]Pierre-Luc Landry, \u00c9ric Mathieu<\/p>\n<h2><a href=\"http:\/\/lalorrainedesecrivains.univ-lorraine.fr\/pierre-luc-landry-et-eric-mathieu\/\">Entre non-lieux, territoires imaginaires et cartographie lorraine labyrinthique\u00a0: fragmentation et reconstruction des espaces dans <em>Les Suicid\u00e9s d\u2019Eau-Claire<\/em><\/a><\/h2>\n<p>[\/vc_column_text][\/vc_column][\/vc_row][vc_row][vc_column][vc_column_text]<\/p>\n<h4>Cr\u00e9ation litt\u00e9raire et territoire<\/h4>\n<p>[\/vc_column_text][\/vc_column][\/vc_row][vc_row][vc_column width=&#8221;2\/3&#8243;][vc_column_text]<\/p>\n<p style=\"text-align: right;\">No\u00eblle Benhamou<\/p>\n<h2 style=\"text-align: right;\"><a href=\"http:\/\/lalorrainedesecrivains.univ-lorraine.fr\/noelle-benhamou\/\">Les Vosges d\u2019\u00c9mile Erckmann et d\u2019Alexandre Chatrian\u00a0: entre r\u00e9alit\u00e9 et fiction<\/a><\/h2>\n<p>[\/vc_column_text][\/vc_column][vc_column width=&#8221;1\/3&#8243;][vc_single_image image=&#8221;3833&#8243; img_size=&#8221;medium&#8221; onclick=&#8221;custom_link&#8221; link=&#8221;http:\/\/lalorrainedesecrivains.univ-lorraine.fr\/noelle-benhamou\/&#8221;][\/vc_column][\/vc_row][vc_row][vc_column width=&#8221;1\/3&#8243;][vc_single_image image=&#8221;3834&#8243; img_size=&#8221;medium&#8221; onclick=&#8221;custom_link&#8221; link=&#8221;http:\/\/lalorrainedesecrivains.univ-lorraine.fr\/sylvie-lannegrand\/&#8221;][\/vc_column][vc_column width=&#8221;2\/3&#8243;][vc_column_text]Sylvie Lannegrand<\/p>\n<h2><a href=\"http:\/\/lalorrainedesecrivains.univ-lorraine.fr\/sylvie-lannegrand\/\">La Lorraine dans l\u2019espace litt\u00e9raire de Jocelyne Fran\u00e7ois<\/a><\/h2>\n<p>[\/vc_column_text][\/vc_column][\/vc_row][vc_row][vc_column width=&#8221;2\/3&#8243;][vc_column_text]<\/p>\n<p style=\"text-align: right;\">Anne Strasser<\/p>\n<h2 style=\"text-align: right;\"><a href=\"http:\/\/lalorrainedesecrivains.univ-lorraine.fr\/anne-strasser\/\">Philippe Claudel\u00a0: une g\u00e9ographie int\u00e9rieure de la perte<\/a><\/h2>\n<p>[\/vc_column_text][\/vc_column][vc_column width=&#8221;1\/3&#8243;][vc_single_image image=&#8221;3917&#8243; img_size=&#8221;medium&#8221; onclick=&#8221;custom_link&#8221; link=&#8221;http:\/\/lalorrainedesecrivains.univ-lorraine.fr\/anne-strasser\/&#8221;][\/vc_column][\/vc_row][vc_row][vc_column][vc_column_text]<\/p>\n<h4>Patrimoine litt\u00e9raire<\/h4>\n<p>[\/vc_column_text][\/vc_column][\/vc_row][vc_row][vc_column width=&#8221;1\/3&#8243;][vc_single_image image=&#8221;3846&#8243; img_size=&#8221;medium&#8221; onclick=&#8221;custom_link&#8221; link=&#8221;http:\/\/lalorrainedesecrivains.univ-lorraine.fr\/adeline-clerc-florimond\/&#8221;][\/vc_column][vc_column width=&#8221;2\/3&#8243;][vc_column_text]Adeline Clerc-Florimond<\/p>\n<h2><a href=\"http:\/\/lalorrainedesecrivains.univ-lorraine.fr\/adeline-clerc-florimond\/\">Les promenades litt\u00e9raires et historiques. Entre discours amateurs et logiques professionnelles<\/a><\/h2>\n<p>[\/vc_column_text][\/vc_column][\/vc_row][vc_row][vc_column width=&#8221;2\/3&#8243;][vc_column_text]<\/p>\n<p style=\"text-align: right;\">Sylvie Rosienski-Pellerin<\/p>\n<h2 style=\"text-align: right;\"><a href=\"http:\/\/lalorrainedesecrivains.univ-lorraine.fr\/sylvie-rosienski-pellerin\/\">Le Graoully dans la litt\u00e9rature de jeunesse\u00a0d\u2019aujourd\u2019hui\u00a0: entre v\u00e9rit\u00e9 historique, anachronismes et mise en tourisme<\/a><\/h2>\n<p>[\/vc_column_text][\/vc_column][vc_column width=&#8221;1\/3&#8243;][vc_single_image image=&#8221;3838&#8243; img_size=&#8221;medium&#8221; onclick=&#8221;custom_link&#8221; link=&#8221;http:\/\/lalorrainedesecrivains.univ-lorraine.fr\/sylvie-rosienski-pellerin\/&#8221;][\/vc_column][\/vc_row][vc_row][vc_column width=&#8221;1\/3&#8243;][vc_single_image image=&#8221;3839&#8243; img_size=&#8221;medium&#8221; onclick=&#8221;custom_link&#8221; link=&#8221;http:\/\/lalorrainedesecrivains.univ-lorraine.fr\/jean-matthieu-meon\/&#8221;][\/vc_column][vc_column width=&#8221;2\/3&#8243;][vc_column_text]Jean-Matthieu M\u00e9on<\/p>\n<h2><a href=\"http:\/\/lalorrainedesecrivains.univ-lorraine.fr\/jean-matthieu-meon\/\">Le <em>King of Comics<\/em> \u00e0 Dornot. Des <em>comics<\/em> \u00e0 la Moselle en passant par Hollywood. \u00c0 propos du festival \u00ab\u00a0Kirby super-h\u00e9ros, Cabanes 2017\u00a0\u00bb<\/a><\/h2>\n<p>[\/vc_column_text][\/vc_column][\/vc_row][vc_row][vc_column][vc_column_text]<\/p>\n<hr \/>\n<h3><span style=\"color: #ff0000;\">Cr\u00e9ations litt\u00e9raires<\/span><\/h3>\n<p>[\/vc_column_text][\/vc_column][\/vc_row][vc_row][vc_column width=&#8221;2\/3&#8243;][vc_column_text]<\/p>\n<p style=\"text-align: right;\">No\u00eblle Benhamou<\/p>\n<h2 style=\"text-align: right;\"><a href=\"http:\/\/lalorrainedesecrivains.univ-lorraine.fr\/noelle-au-pays-des-merveilles\/\">No\u00eblle au pays des merveilles<\/a><\/h2>\n<p>[\/vc_column_text][\/vc_column][vc_column width=&#8221;1\/3&#8243;][vc_single_image image=&#8221;3840&#8243; img_size=&#8221;medium&#8221; onclick=&#8221;custom_link&#8221; link=&#8221;http:\/\/lalorrainedesecrivains.univ-lorraine.fr\/noelle-au-pays-des-merveilles\/&#8221;][\/vc_column][\/vc_row][vc_row][vc_column width=&#8221;1\/3&#8243;][vc_single_image image=&#8221;3848&#8243; img_size=&#8221;medium&#8221; onclick=&#8221;custom_link&#8221; link=&#8221;http:\/\/lalorrainedesecrivains.univ-lorraine.fr\/deambulation-1\/&#8221;][\/vc_column][vc_column width=&#8221;2\/3&#8243;][vc_column_text]Catherine Fhima<\/p>\n<h2><a href=\"http:\/\/lalorrainedesecrivains.univ-lorraine.fr\/deambulation-1\/\">D\u00e9ambulation 1.<br \/>\nJeu de Moselle en nombres lumi\u00e8res<\/a><\/h2>\n<p>[\/vc_column_text][\/vc_column][\/vc_row][vc_row][vc_column width=&#8221;2\/3&#8243;][vc_column_text]<\/p>\n<p style=\"text-align: right;\">Catherine Fhima<\/p>\n<h2 style=\"text-align: right;\"><a href=\"http:\/\/lalorrainedesecrivains.univ-lorraine.fr\/deambulation-2\/\">D\u00e9ambulation 2.<\/a><br \/>\n<a href=\"http:\/\/lalorrainedesecrivains.univ-lorraine.fr\/deambulation-2\/\">Metz s\u2019\u00e9met en m\u00e9moire d\u2019\u00e9carts vifs<\/a><\/h2>\n<p>[\/vc_column_text][\/vc_column][vc_column width=&#8221;1\/3&#8243;][vc_single_image image=&#8221;3826&#8243; img_size=&#8221;medium&#8221; onclick=&#8221;custom_link&#8221; link=&#8221;http:\/\/lalorrainedesecrivains.univ-lorraine.fr\/deambulation-2\/&#8221;][\/vc_column][\/vc_row][vc_row][vc_column width=&#8221;1\/3&#8243;][vc_single_image image=&#8221;3836&#8243; img_size=&#8221;medium&#8221; onclick=&#8221;custom_link&#8221; link=&#8221;http:\/\/lalorrainedesecrivains.univ-lorraine.fr\/deambulation-poetique\/&#8221;][\/vc_column][vc_column width=&#8221;2\/3&#8243;][vc_column_text]Pierre-Luc Landry<\/p>\n<h2><a href=\"http:\/\/lalorrainedesecrivains.univ-lorraine.fr\/deambulation-poetique\/\">D\u00e9ambulation po\u00e9tique.<\/a><br \/>\n<a href=\"http:\/\/lalorrainedesecrivains.univ-lorraine.fr\/deambulation-poetique\/\">Le Sentier des lanternes<\/a><\/h2>\n<p>[\/vc_column_text][\/vc_column][\/vc_row][vc_row][vc_column width=&#8221;2\/3&#8243;][vc_column_text]<\/p>\n<p style=\"text-align: right;\">\u00c9ric Mathieu<\/p>\n<h2 style=\"text-align: right;\"><a href=\"http:\/\/lalorrainedesecrivains.univ-lorraine.fr\/le-sentier-des-lanternes\/\">Le Sentier des lanternes<\/a><\/h2>\n<p>[\/vc_column_text][\/vc_column][vc_column width=&#8221;1\/3&#8243;][vc_single_image image=&#8221;3827&#8243; img_size=&#8221;medium&#8221; onclick=&#8221;custom_link&#8221; link=&#8221;http:\/\/lalorrainedesecrivains.univ-lorraine.fr\/le-sentier-des-lanternes\/&#8221;][\/vc_column][\/vc_row][vc_row][vc_column width=&#8221;1\/3&#8243;][vc_single_image image=&#8221;3828&#8243; img_size=&#8221;medium&#8221; onclick=&#8221;custom_link&#8221; link=&#8221;http:\/\/lalorrainedesecrivains.univ-lorraine.fr\/deambulation-messine\/&#8221;][\/vc_column][vc_column width=&#8221;2\/3&#8243;][vc_column_text]Sylvie Rosienski-Pellerin<\/p>\n<h2><a href=\"http:\/\/lalorrainedesecrivains.univ-lorraine.fr\/deambulation-messine\/\">D\u00e9ambulation messine<\/a><\/h2>\n<p>[\/vc_column_text][\/vc_column][\/vc_row]<\/p>\n","protected":false},"excerpt":{"rendered":"<p>[vc_row][vc_column][vc_column_text] Actes num\u00e9riques des journ\u00e9es d\u2019\u00e9tude internationales \u00ab\u00a0La lorraine des \u00e9crivains\u00a0: cr\u00e9ation litt\u00e9raire et territoire\u00a0\u00bb (1-2 d\u00e9cembre 2016, Metz) sous la direction de Carole Bisenius-Penin Pr\u00e9sentation Dans<\/p>\n<p> <a class=\"more-link\" href=\"http:\/\/lalorrainedesecrivains.univ-lorraine.fr\/en\/actes-numeriques-des-journees-detude-internationales-la-lorraine-des-ecrivains-creation-litteraire-et-territoire-1-2-dec-2016-metz\/\">Lire la suite<\/a><\/p>\n","protected":false},"author":5,"featured_media":0,"parent":0,"menu_order":0,"comment_status":"closed","ping_status":"closed","template":"","meta":{"footnotes":""},"class_list":["post-3782","page","type-page","status-publish","hentry"],"_links":{"self":[{"href":"http:\/\/lalorrainedesecrivains.univ-lorraine.fr\/en\/wp-json\/wp\/v2\/pages\/3782","targetHints":{"allow":["GET"]}}],"collection":[{"href":"http:\/\/lalorrainedesecrivains.univ-lorraine.fr\/en\/wp-json\/wp\/v2\/pages"}],"about":[{"href":"http:\/\/lalorrainedesecrivains.univ-lorraine.fr\/en\/wp-json\/wp\/v2\/types\/page"}],"author":[{"embeddable":true,"href":"http:\/\/lalorrainedesecrivains.univ-lorraine.fr\/en\/wp-json\/wp\/v2\/users\/5"}],"replies":[{"embeddable":true,"href":"http:\/\/lalorrainedesecrivains.univ-lorraine.fr\/en\/wp-json\/wp\/v2\/comments?post=3782"}],"version-history":[{"count":40,"href":"http:\/\/lalorrainedesecrivains.univ-lorraine.fr\/en\/wp-json\/wp\/v2\/pages\/3782\/revisions"}],"predecessor-version":[{"id":3926,"href":"http:\/\/lalorrainedesecrivains.univ-lorraine.fr\/en\/wp-json\/wp\/v2\/pages\/3782\/revisions\/3926"}],"wp:attachment":[{"href":"http:\/\/lalorrainedesecrivains.univ-lorraine.fr\/en\/wp-json\/wp\/v2\/media?parent=3782"}],"curies":[{"name":"wp","href":"https:\/\/api.w.org\/{rel}","templated":true}]}}