{"id":438,"date":"2015-09-25T08:25:38","date_gmt":"2015-09-25T08:25:38","guid":{"rendered":"http:\/\/thirteen.apollo13.kinsta.com\/?page_id=438"},"modified":"2018-02-07T14:22:21","modified_gmt":"2018-02-07T13:22:21","slug":"le-projet","status":"publish","type":"page","link":"http:\/\/lalorrainedesecrivains.univ-lorraine.fr\/en\/le-projet\/","title":{"rendered":"Notre \u00e9quipe"},"content":{"rendered":"<p>[vc_row full_width=&#8221;stretch_row&#8221; parallax=&#8221;content-moving-fade&#8221; parallax_image=&#8221;1482&#8243; css=&#8221;.vc_custom_1464078365564{margin-bottom: px !important;border-top-width: 80px !important;border-bottom-width: 80px !important;padding-top: 80px !important;padding-bottom: 80px !important;background-color: #939393 !important;}&#8221;][vc_column][vc_custom_heading text=&#8221;Notre \u00e9quipe&#8221; font_container=&#8221;tag:h2|font_size:44px|text_align:center|color:%23ffffff|line_height:44px&#8221; use_theme_fonts=&#8221;yes&#8221;][\/vc_column][\/vc_row][vc_row full_width=&#8221;stretch_row&#8221; parallax=&#8221;content-moving&#8221; css=&#8221;.vc_custom_1474385955498{margin-bottom: 0px !important;padding-top: 20px !important;padding-bottom: 0px !important;background-color: #000000 !important;}&#8221;][vc_column][vc_custom_heading text=&#8221;Une recherche collaborative&#8221; font_container=&#8221;tag:h2|font_size:47px|text_align:center|color:%23999999|line_height:20px&#8221; use_theme_fonts=&#8221;yes&#8221;][vc_empty_space height=&#8221;30px&#8221;][vc_row_inner css=&#8221;.vc_custom_1444293194257{margin-bottom: 0px !important;padding-bottom: 0px !important;}&#8221;][vc_column_inner width=&#8221;1\/3&#8243;][vc_custom_heading text=&#8221;Audrey ALV\u00c8S&#8221; font_container=&#8221;tag:h5|font_size:18px|text_align:center|color:%23ffffff|line_height:14px&#8221; use_theme_fonts=&#8221;yes&#8221; css=&#8221;.vc_custom_1473835717374{margin-bottom: 0px !important;padding-bottom: 0px !important;}&#8221;][vc_empty_space height=&#8221;20px&#8221;][vc_single_image image=&#8221;2159&#8243; img_size=&#8221;full&#8221; alignment=&#8221;center&#8221;][vc_custom_heading text=&#8221;Enseignant chercheur, sciences de l&#8217;information et de la communication. CREM. Universit\u00e9 de Lorraine&#8221; font_container=&#8221;tag:p|font_size:14px|text_align:center|color:%23939393|line_height:14px&#8221; use_theme_fonts=&#8221;yes&#8221;][\/vc_column_inner][vc_column_inner width=&#8221;1\/3&#8243;][vc_custom_heading text=&#8221;Catherine Angevelle&#8221; font_container=&#8221;tag:h5|font_size:18px|text_align:center|color:%23ffffff|line_height:14px&#8221; use_theme_fonts=&#8221;yes&#8221; css=&#8221;.vc_custom_1473835731852{margin-bottom: 0px !important;padding-bottom: 0px !important;}&#8221;][vc_empty_space height=&#8221;20px&#8221;][vc_single_image image=&#8221;1802&#8243; img_size=&#8221;full&#8221; alignment=&#8221;center&#8221;][vc_custom_heading text=&#8221;Conservatrice Biblioth\u00e8que Universitaire. Services aux chercheurs. Universit\u00e9 de Lorraine&#8221; font_container=&#8221;tag:p|font_size:14px|text_align:center|color:%23939393|line_height:14px&#8221; use_theme_fonts=&#8221;yes&#8221;][\/vc_column_inner][vc_column_inner width=&#8221;1\/3&#8243;][vc_custom_heading text=&#8221;Carole BISENIUS-PENIN&#8221; font_container=&#8221;tag:h5|font_size:18px|text_align:center|color:%23ffffff|line_height:14px&#8221; use_theme_fonts=&#8221;yes&#8221; css=&#8221;.vc_custom_1473835741883{margin-bottom: 0px !important;padding-bottom: 0px !important;}&#8221;][vc_empty_space height=&#8221;6px&#8221;][vc_single_image image=&#8221;1800&#8243; img_size=&#8221;full&#8221; alignment=&#8221;center&#8221;][vc_custom_heading text=&#8221;Enseignant chercheur, litt\u00e9rature contemporaine. Responsable scientifique du projet de &#8220;La Lorraine des \u00c9crivains&#8220;. CREM. Universit\u00e9 de Lorraine&#8221; font_container=&#8221;tag:p|font_size:14px|text_align:center|color:%23939393|line_height:14px&#8221; use_theme_fonts=&#8221;yes&#8221;][\/vc_column_inner][\/vc_row_inner][vc_row_inner css=&#8221;.vc_custom_1444293194257{margin-bottom: 0px !important;padding-bottom: 0px !important;}&#8221;][vc_column_inner width=&#8221;1\/3&#8243;][vc_empty_space height=&#8221;20px&#8221;][vc_custom_heading text=&#8221;Adeline FLORIMOND&#8221; font_container=&#8221;tag:h5|font_size:18px|text_align:center|color:%23ffffff|line_height:14px&#8221; use_theme_fonts=&#8221;yes&#8221; css=&#8221;.vc_custom_1477472182352{margin-bottom: 0px !important;padding-bottom: 0px !important;}&#8221;][vc_empty_space height=&#8221;20px&#8221;][vc_single_image image=&#8221;1799&#8243; img_size=&#8221;full&#8221; alignment=&#8221;center&#8221;][vc_custom_heading text=&#8221;Enseignant chercheur, sciences de l&#8217;information et de la communication. CREM. Universit\u00e9 de Lorraine&#8221; font_container=&#8221;tag:p|font_size:14px|text_align:center|color:%23939393|line_height:14px&#8221; use_theme_fonts=&#8221;yes&#8221;][\/vc_column_inner][vc_column_inner width=&#8221;1\/3&#8243;][vc_empty_space height=&#8221;20px&#8221;][vc_custom_heading text=&#8221;Malte Helfer&#8221; font_container=&#8221;tag:h5|font_size:18px|text_align:center|color:%23ffffff|line_height:14px&#8221; use_theme_fonts=&#8221;yes&#8221; css=&#8221;.vc_custom_1473835766354{margin-bottom: 0px !important;padding-bottom: 0px !important;}&#8221;][vc_empty_space height=&#8221;20px&#8221;][vc_single_image image=&#8221;1807&#8243; img_size=&#8221;full&#8221; alignment=&#8221;center&#8221;][vc_custom_heading text=&#8221;Chercheur, g\u00e9ographie. IPSE.<br \/>\nUniversit\u00e9 de Luxembourg&#8221; font_container=&#8221;tag:p|font_size:14px|text_align:center|color:%23939393|line_height:14px&#8221; use_theme_fonts=&#8221;yes&#8221;][\/vc_column_inner][vc_column_inner width=&#8221;1\/3&#8243;][vc_empty_space height=&#8221;20px&#8221;][vc_custom_heading text=&#8221;Jean-Matthieu M\u00c9ON&#8221; font_container=&#8221;tag:h5|font_size:18px|text_align:center|color:%23ffffff|line_height:14px&#8221; use_theme_fonts=&#8221;yes&#8221; css=&#8221;.vc_custom_1473835777882{margin-bottom: 0px !important;padding-bottom: 0px !important;}&#8221;][vc_empty_space height=&#8221;20px&#8221;][vc_single_image image=&#8221;1804&#8243; img_size=&#8221;full&#8221; alignment=&#8221;center&#8221;][vc_custom_heading text=&#8221;Enseignant chercheur, sciences de l&#8217;information et de la communication. CREM. Universit\u00e9 de Lorraine&#8221; font_container=&#8221;tag:p|font_size:14px|text_align:center|color:%23939393|line_height:14px&#8221; use_theme_fonts=&#8221;yes&#8221;][\/vc_column_inner][\/vc_row_inner][vc_row_inner][vc_column_inner width=&#8221;1\/3&#8243;][vc_empty_space height=&#8221;20px&#8221;][vc_custom_heading text=&#8221;Jacques Deville&#8221; font_container=&#8221;tag:h5|font_size:18px|text_align:center|color:%23ffffff|line_height:14px&#8221; use_theme_fonts=&#8221;yes&#8221; css=&#8221;.vc_custom_1473835795397{margin-bottom: 0px !important;padding-bottom: 0px !important;}&#8221;][vc_empty_space height=&#8221;20px&#8221;][vc_single_image image=&#8221;1803&#8243; img_size=&#8221;full&#8221; alignment=&#8221;center&#8221;][vc_custom_heading text=&#8221;Directeur du p\u00f4le D\u00e9mocratisation et industries culturelles de la DRAC Alsace-Champagne-Ardennes-Lorraine&#8221; font_container=&#8221;tag:p|font_size:14px|text_align:center|color:%23939393|line_height:14px&#8221; use_theme_fonts=&#8221;yes&#8221;][\/vc_column_inner][vc_column_inner width=&#8221;1\/3&#8243;][vc_empty_space height=&#8221;20px&#8221;][vc_custom_heading text=&#8221;Florence Gautier&#8221; font_container=&#8221;tag:h5|font_size:18px|text_align:center|color:%23ffffff|line_height:14px&#8221; use_theme_fonts=&#8221;yes&#8221; css=&#8221;.vc_custom_1473835807878{margin-bottom: 0px !important;padding-bottom: 0px !important;}&#8221;][vc_empty_space height=&#8221;20px&#8221;][vc_single_image image=&#8221;1837&#8243; img_size=&#8221;full&#8221; alignment=&#8221;center&#8221;][vc_custom_heading text=&#8221;Charg\u00e9e de mission Livre &#8211; P\u00f4le Culture. R\u00e9gion Grand Est &#8211; Site de Metz&#8221; font_container=&#8221;tag:p|font_size:14px|text_align:center|color:%23939393|line_height:14px&#8221; use_theme_fonts=&#8221;yes&#8221;][\/vc_column_inner][vc_column_inner width=&#8221;1\/3&#8243;][\/vc_column_inner][\/vc_row_inner][vc_row_inner][vc_column_inner][vc_empty_space css=&#8221;.vc_custom_1508315358678{background-color: #000000 !important;}&#8221;][vc_separator color=&#8221;custom&#8221; border_width=&#8221;2&#8243; accent_color=&#8221;#666666&#8243;][\/vc_column_inner][\/vc_row_inner][vc_row_inner css=&#8221;.vc_custom_1508315757191{background: #000000 url(http:\/\/lalorrainedesecrivains.univ-lorraine.fr\/wp-content\/uploads\/2015\/09\/fond-noir.png?id=4096) !important;background-position: 0 0 !important;background-repeat: repeat !important;}&#8221;][vc_column_inner width=&#8221;2\/3&#8243;][vc_single_image image=&#8221;4091&#8243; img_size=&#8221;full&#8221;][\/vc_column_inner][vc_column_inner width=&#8221;1\/3&#8243;][vc_column_text]<\/p>\n<p class=\"p2\"><strong><span class=\"s1\"><img loading=\"lazy\" decoding=\"async\" class=\"alignnone size-full wp-image-4096\" src=\"http:\/\/lalorrainedesecrivains.univ-lorraine.fr\/wp-content\/uploads\/2015\/09\/fond-noir.png\" alt=\"fond-noir\" width=\"239\" height=\"228\" \/><\/span><\/strong><\/p>\n<p class=\"p2\"><strong><span class=\"s1\">Karen Cayrat<br \/>\n<\/span><\/strong><strong><span class=\"s1\">Juliette Redivo<br \/>\nElodie Potente,<br \/>\nRomane Mugnier<br \/>\n<\/span><\/strong><span class=\"s1\">Etudiantes M2 Universit\u00e9 de Lorraine<\/span><\/p>\n<p>[\/vc_column_text][\/vc_column_inner][\/vc_row_inner][\/vc_column][\/vc_row][vc_row full_width=&#8221;stretch_row&#8221; gap=&#8221;2&#8243; parallax=&#8221;content-moving&#8221; parallax_image=&#8221;1829&#8243; css=&#8221;.vc_custom_1508315937760{margin-top: 0px !important;margin-right: 2px !important;border-top-width: 0px !important;padding-top: 0px !important;background-color: #000000 !important;}&#8221;][vc_column][vc_custom_heading text=&#8221;&#8221; font_container=&#8221;tag:h2|font_size:120px|text_align:left|color:%230c0c0c&#8221;][\/vc_column][\/vc_row]<\/p>","protected":false},"excerpt":{"rendered":"<p>[vc_row full_width=&#8221;stretch_row&#8221; parallax=&#8221;content-moving-fade&#8221; parallax_image=&#8221;1482&#8243; css=&#8221;.vc_custom_1464078365564{margin-bottom: px !important;border-top-width: 80px !important;border-bottom-width: 80px !important;padding-top: 80px !important;padding-bottom: 80px !important;background-color: #939393 !important;}&#8221;][vc_column][vc_custom_heading text=&#8221;Notre \u00e9quipe&#8221; font_container=&#8221;tag:h2|font_size:44px|text_align:center|color:%23ffffff|line_height:44px&#8221; use_theme_fonts=&#8221;yes&#8221;][\/vc_column][\/vc_row][vc_row full_width=&#8221;stretch_row&#8221; parallax=&#8221;content-moving&#8221; css=&#8221;.vc_custom_1474385955498{margin-bottom: 0px !important;padding-top: 20px<\/p>\n<p> <a class=\"more-link\" href=\"http:\/\/lalorrainedesecrivains.univ-lorraine.fr\/en\/le-projet\/\">Lire la suite<\/a><\/p>\n","protected":false},"author":1,"featured_media":0,"parent":0,"menu_order":0,"comment_status":"closed","ping_status":"closed","template":"","meta":{"footnotes":""},"class_list":["post-438","page","type-page","status-publish","hentry"],"_links":{"self":[{"href":"http:\/\/lalorrainedesecrivains.univ-lorraine.fr\/en\/wp-json\/wp\/v2\/pages\/438","targetHints":{"allow":["GET"]}}],"collection":[{"href":"http:\/\/lalorrainedesecrivains.univ-lorraine.fr\/en\/wp-json\/wp\/v2\/pages"}],"about":[{"href":"http:\/\/lalorrainedesecrivains.univ-lorraine.fr\/en\/wp-json\/wp\/v2\/types\/page"}],"author":[{"embeddable":true,"href":"http:\/\/lalorrainedesecrivains.univ-lorraine.fr\/en\/wp-json\/wp\/v2\/users\/1"}],"replies":[{"embeddable":true,"href":"http:\/\/lalorrainedesecrivains.univ-lorraine.fr\/en\/wp-json\/wp\/v2\/comments?post=438"}],"version-history":[{"count":61,"href":"http:\/\/lalorrainedesecrivains.univ-lorraine.fr\/en\/wp-json\/wp\/v2\/pages\/438\/revisions"}],"predecessor-version":[{"id":4497,"href":"http:\/\/lalorrainedesecrivains.univ-lorraine.fr\/en\/wp-json\/wp\/v2\/pages\/438\/revisions\/4497"}],"wp:attachment":[{"href":"http:\/\/lalorrainedesecrivains.univ-lorraine.fr\/en\/wp-json\/wp\/v2\/media?parent=438"}],"curies":[{"name":"wp","href":"https:\/\/api.w.org\/{rel}","templated":true}]}}