{"id":2,"date":"2015-09-07T07:59:37","date_gmt":"2015-09-07T07:59:37","guid":{"rendered":"http:\/\/thirteen.apollo13.kinsta.com\/?page_id=2"},"modified":"2021-07-15T10:54:30","modified_gmt":"2021-07-15T09:54:30","slug":"home","status":"publish","type":"page","link":"http:\/\/lalorrainedesecrivains.univ-lorraine.fr\/es\/","title":{"rendered":"La Lorena de los Escritores"},"content":{"rendered":"<p>[vc_row content_placement=&#8221;top&#8221; css=&#8221;.vc_custom_1464012674608{margin-top: -20px !important;margin-right: 0px !important;margin-bottom: 0px !important;margin-left: -20px !important;border-top-width: -20px !important;border-right-width: 0px !important;border-bottom-width: 0px !important;border-left-width: -20px !important;padding-top: -20px !important;padding-right: 0px !important;padding-bottom: 0px !important;padding-left: -20px !important;}&#8221;][vc_column width=&#8221;1\/3&#8243; css=&#8221;.vc_custom_1464013299743{margin-top: -20px !important;margin-right: 0px !important;margin-bottom: -20px !important;margin-left: -20px !important;border-top-width: -20px !important;border-right-width: 0px !important;border-bottom-width: -20px !important;border-left-width: -20px !important;padding-top: -20px !important;padding-right: 0px !important;padding-bottom: -20px !important;padding-left: -20px !important;}&#8221;][vc_masonry_media_grid element_width=&#8221;12&#8243; gap=&#8221;0&#8243; item=&#8221;masonryMedia_SlideWithTitleAndCaption&#8221; initial_loading_animation=&#8221;fadeIn&#8221; grid_id=&#8221;vc_gid:1519291492828-ec6e24b0-fd7f-10&#8243; include=&#8221;1125,2292,1128,2280&#8243; css=&#8221;.vc_custom_1475057394681{margin-top: -20px !important;margin-right: 0px !important;margin-bottom: 0px !important;margin-left: -20px !important;border-top-width: -20px !important;border-right-width: 0px !important;border-bottom-width: 0px !important;border-left-width: -20px !important;padding-top: -20px !important;padding-right: 0px !important;padding-bottom: 0px !important;padding-left: -20px !important;}&#8221;][\/vc_column][vc_column width=&#8221;2\/3&#8243;][vc_empty_space][vc_column_text]<\/p>\n<h1><span style=\"color: #000000;\"><span style=\"color: #cd071e;\">LA LORENA DE LOS ESCRITORES<\/span><\/span><\/h1>\n<h1><span style=\"color: #000000;\">UNA GEOLOCALIZACI\u00d3N DE LA LITERATURA<\/span><\/h1>\n<h3><strong>EL OBJETIVO PRINCIPAL ES UNA GEOLOCALIZACI\u00d3N DE LA LITERATURA, EN UN TERRITORIO ESPEC\u00cdFICO, PARA GARANTIZAR UNA VISIBILIDAD NACIONAL Y TRANSFRONTERIZA DE LORENA SOBRE LA PROBLEM\u00c1TICA DEL LIBRO. SE TRATA DE DESCUBRIR EL TERRITORIO LITERARIO DE LORENA A TRAV\u00c9S DE RECONOCIDOS ESCRITORES COMO EMILIE DU CH\u00c2TELET, PAUL VERLAINE, BERNARD MARIE KOLT\u00c8S, PAUL CLAUDEL, VIRGINIE DESPENTES, ENTRE OTROS).<\/strong><\/h3>\n<p><span style=\"color: #000000;\">Gracias a un sistema de visualizaci\u00f3n de datos mediante cartograf\u00edas efectuadas, la p\u00e1gina web \u201c<strong>La Lorena de los Escritores<\/strong>\u201d propone un panorama literario de la regi\u00f3n que incluye un censo geolocalizado de autores, de obras literarias, eventos, dispositivos de creaci\u00f3n y lugares hist\u00f3ricos.<\/span><\/p>\n<h4><span style=\"color: #000000;\">CULTURA Y TURISMO<\/span><\/h4>\n<p><span style=\"color: #000000;\">Al pasar por Lorena, combinando cultura con turismo, el recorrido num\u00e9rico no se limita a una simple presentaci\u00f3n de extractos literarios, se busca presentar, m\u00e1s bien, al p\u00fablico, un enfoque de las actividades de mediaci\u00f3n en torno a los escritores y la literatura en el territorio de Lorena, bajo varias formas (base de datos, entrevistas grabadas, art\u00edculos cient\u00edficos, etc.) y en funci\u00f3n de cuatro rutas cartogr\u00e1ficas en proceso de construcci\u00f3n:<\/span><\/p>\n<p><span style=\"color: #000000;\">\u2022\u00a0 Cartograf\u00eda de los autores (del siglo XVI al siglo XX)<\/span><br \/>\n<span style=\"color: #000000;\">\u2022\u00a0Cartograf\u00eda de la vida literaria\u00a0<\/span><br \/>\n<span style=\"color: #000000;\">\u2022\u00a0<\/span><span style=\"color: #000000;\">Cartograf\u00eda de la creaci\u00f3n literaria (territorios y mediaciones culturales)<\/span><br \/>\n<span style=\"color: #000000;\">\u2022\u00a0Cartograf\u00eda del patrimonio literario<\/span><\/p>\n<p><span style=\"color: #000000;\">Los lugares literarios y los senderos de Lorena tambi\u00e9n llevar\u00e1n al visitante a tomar otros rumbos, a recorrer otros espacios en la frontera o m\u00e1s all\u00e1 de \u00e9sta.<\/span><\/p>\n<h4><span style=\"color: #000000;\">LITERATURA Y TECNOLOG\u00cdA, INVESTIGACI\u00d3N Y COOPERACI\u00d3N<\/span><\/h4>\n<p><span style=\"color: #000000;\">Iniciada por el Centro de Investigaci\u00f3n sobre las Mediaciones (CREM por sus siglas en franc\u00e9s) de la Universidad de Lorena en asociaci\u00f3n con el polo Democratizaci\u00f3n e Industrias Culturales de la DRAC Alsacia-Champa\u00f1a-Ardenas-Lorena y el Centro Regional del Libro de Lorena, &#8220;<strong>La Lorena de los Escritores<\/strong>&#8221; tiene por objeto vincular literatura y tecnolog\u00eda, crear, de forma innovadora, en el plano nacional e internacional, una base de datos abierta al p\u00fablico, as\u00ed como tambi\u00e9n, una red de investigadores interesados por esta problem\u00e1tica (creaci\u00f3n y territorio, literatura y num\u00e9rico) cuya meta es constituir recursos que se puedan difundir.<\/span>[\/vc_column_text][vc_row_inner css=&#8221;.vc_custom_1461751364970{margin-top: 0px !important;margin-bottom: 0px !important;border-top-width: 0px !important;border-bottom-width: 0px !important;padding-top: 0px !important;padding-bottom: 0px !important;}&#8221;][vc_column_inner css=&#8221;.vc_custom_1461751348030{margin-top: 0px !important;margin-bottom: 0px !important;border-top-width: 0px !important;border-bottom-width: 0px !important;padding-top: 0px !important;padding-bottom: 0px !important;}&#8221;][vc_column_text css=&#8221;.vc_custom_1475057268577{margin-top: 0px !important;margin-bottom: 0px !important;border-top-width: 0px !important;border-bottom-width: 0px !important;padding-top: 0px !important;padding-bottom: 0px !important;}&#8221;]<\/p>\n<h6 style=\"text-align: left;\"><img loading=\"lazy\" decoding=\"async\" class=\"alignnone size-full wp-image-2400\" src=\"http:\/\/lalorrainedesecrivains.univ-lorraine.fr\/wp-content\/uploads\/2015\/09\/filet-rouge3.png\" alt=\"filet-rouge3\" width=\"600\" height=\"11\" srcset=\"http:\/\/lalorrainedesecrivains.univ-lorraine.fr\/wp-content\/uploads\/2015\/09\/filet-rouge3.png 600w, http:\/\/lalorrainedesecrivains.univ-lorraine.fr\/wp-content\/uploads\/2015\/09\/filet-rouge3-300x6.png 300w\" sizes=\"auto, (max-width: 600px) 100vw, 600px\" \/><\/h6>\n<p>[\/vc_column_text][\/vc_column_inner][\/vc_row_inner][vc_row_inner][vc_column_inner width=&#8221;1\/3&#8243;][vc_column_text]<\/p>\n<h3><b>Virginie Despentes<\/b><\/h3>\n<p><img loading=\"lazy\" decoding=\"async\" class=\"size-full wp-image-2391 alignleft\" src=\"http:\/\/lalorrainedesecrivains.univ-lorraine.fr\/wp-content\/uploads\/2015\/09\/Virginie-Despentes.jpg\" alt=\"virginie-despentes\" width=\"500\" height=\"600\" srcset=\"http:\/\/lalorrainedesecrivains.univ-lorraine.fr\/wp-content\/uploads\/2015\/09\/Virginie-Despentes.jpg 500w, http:\/\/lalorrainedesecrivains.univ-lorraine.fr\/wp-content\/uploads\/2015\/09\/Virginie-Despentes-250x300.jpg 250w\" sizes=\"auto, (max-width: 500px) 100vw, 500px\" \/>[\/vc_column_text][\/vc_column_inner][vc_column_inner width=&#8221;1\/3&#8243;][vc_column_text]<\/p>\n<h3><b>Baru<\/b><\/h3>\n<p><img loading=\"lazy\" decoding=\"async\" class=\"size-full wp-image-2392 alignleft\" src=\"http:\/\/lalorrainedesecrivains.univ-lorraine.fr\/wp-content\/uploads\/2015\/09\/Baru.jpg\" alt=\"baru\" width=\"500\" height=\"600\" srcset=\"http:\/\/lalorrainedesecrivains.univ-lorraine.fr\/wp-content\/uploads\/2015\/09\/Baru.jpg 500w, http:\/\/lalorrainedesecrivains.univ-lorraine.fr\/wp-content\/uploads\/2015\/09\/Baru-250x300.jpg 250w\" sizes=\"auto, (max-width: 500px) 100vw, 500px\" \/>[\/vc_column_text][\/vc_column_inner][vc_column_inner width=&#8221;1\/3&#8243;][vc_column_text]<\/p>\n<h3><b>Paul Verlaine<\/b><\/h3>\n<p><img loading=\"lazy\" decoding=\"async\" class=\"size-full wp-image-2393 alignleft\" src=\"http:\/\/lalorrainedesecrivains.univ-lorraine.fr\/wp-content\/uploads\/2015\/09\/Paul-Verlaine.jpg\" alt=\"paul-verlaine\" width=\"500\" height=\"600\" srcset=\"http:\/\/lalorrainedesecrivains.univ-lorraine.fr\/wp-content\/uploads\/2015\/09\/Paul-Verlaine.jpg 500w, http:\/\/lalorrainedesecrivains.univ-lorraine.fr\/wp-content\/uploads\/2015\/09\/Paul-Verlaine-250x300.jpg 250w\" sizes=\"auto, (max-width: 500px) 100vw, 500px\" \/>[\/vc_column_text][\/vc_column_inner][\/vc_row_inner][vc_row_inner css=&#8221;.vc_custom_1475057124613{margin-top: 40px !important;}&#8221;][vc_column_inner width=&#8221;1\/3&#8243;][vc_column_text]<\/p>\n<h3><b>Claude Ponti<\/b><\/h3>\n<p><img loading=\"lazy\" decoding=\"async\" class=\"size-full wp-image-2394 alignleft\" src=\"http:\/\/lalorrainedesecrivains.univ-lorraine.fr\/wp-content\/uploads\/2015\/09\/Claude_Ponti.jpg\" alt=\"claude_ponti\" width=\"500\" height=\"600\" srcset=\"http:\/\/lalorrainedesecrivains.univ-lorraine.fr\/wp-content\/uploads\/2015\/09\/Claude_Ponti.jpg 500w, http:\/\/lalorrainedesecrivains.univ-lorraine.fr\/wp-content\/uploads\/2015\/09\/Claude_Ponti-250x300.jpg 250w\" sizes=\"auto, (max-width: 500px) 100vw, 500px\" \/>[\/vc_column_text][\/vc_column_inner][vc_column_inner width=&#8221;1\/3&#8243;][vc_column_text]<\/p>\n<h3><b>Gustave Kahn<\/b><\/h3>\n<p><img loading=\"lazy\" decoding=\"async\" class=\"size-full wp-image-2395 alignleft\" src=\"http:\/\/lalorrainedesecrivains.univ-lorraine.fr\/wp-content\/uploads\/2015\/09\/Gustave_Kahn_portrait.jpg\" alt=\"gustave_kahn_portrait\" width=\"500\" height=\"600\" srcset=\"http:\/\/lalorrainedesecrivains.univ-lorraine.fr\/wp-content\/uploads\/2015\/09\/Gustave_Kahn_portrait.jpg 500w, http:\/\/lalorrainedesecrivains.univ-lorraine.fr\/wp-content\/uploads\/2015\/09\/Gustave_Kahn_portrait-250x300.jpg 250w\" sizes=\"auto, (max-width: 500px) 100vw, 500px\" \/>[\/vc_column_text][\/vc_column_inner][vc_column_inner width=&#8221;1\/3&#8243;][vc_column_text]<\/p>\n<h3><b>Philippe Claudel<\/b><\/h3>\n<p><strong><img loading=\"lazy\" decoding=\"async\" class=\"size-full wp-image-2396 alignleft\" src=\"http:\/\/lalorrainedesecrivains.univ-lorraine.fr\/wp-content\/uploads\/2015\/09\/Philippe-Claudel.jpg\" alt=\"philippe-claudel\" width=\"500\" height=\"600\" srcset=\"http:\/\/lalorrainedesecrivains.univ-lorraine.fr\/wp-content\/uploads\/2015\/09\/Philippe-Claudel.jpg 500w, http:\/\/lalorrainedesecrivains.univ-lorraine.fr\/wp-content\/uploads\/2015\/09\/Philippe-Claudel-250x300.jpg 250w\" sizes=\"auto, (max-width: 500px) 100vw, 500px\" \/><\/strong>[\/vc_column_text][\/vc_column_inner][\/vc_row_inner][vc_row_inner css=&#8221;.vc_custom_1475057363832{margin-top: 30px !important;margin-bottom: 50px !important;}&#8221;][vc_column_inner][vc_column_text css=&#8221;.vc_custom_1475057268577{margin-top: 0px !important;margin-bottom: 0px !important;border-top-width: 0px !important;border-bottom-width: 0px !important;padding-top: 0px !important;padding-bottom: 0px !important;}&#8221;]<\/p>\n<h6 style=\"text-align: left;\"><img loading=\"lazy\" decoding=\"async\" class=\"alignnone size-full wp-image-2400\" src=\"http:\/\/lalorrainedesecrivains.univ-lorraine.fr\/wp-content\/uploads\/2015\/09\/filet-rouge3.png\" alt=\"filet-rouge3\" width=\"600\" height=\"11\" srcset=\"http:\/\/lalorrainedesecrivains.univ-lorraine.fr\/wp-content\/uploads\/2015\/09\/filet-rouge3.png 600w, http:\/\/lalorrainedesecrivains.univ-lorraine.fr\/wp-content\/uploads\/2015\/09\/filet-rouge3-300x6.png 300w\" sizes=\"auto, (max-width: 600px) 100vw, 600px\" \/><\/h6>\n<p>[\/vc_column_text][\/vc_column_inner][\/vc_row_inner][vc_row_inner][vc_column_inner][vc_empty_space height=&#8221;50px&#8221;][\/vc_column_inner][\/vc_row_inner][vc_row_inner][vc_column_inner width=&#8221;1\/6&#8243;][vc_single_image image=&#8221;3547&#8243; img_size=&#8221;full&#8221;][\/vc_column_inner][vc_column_inner width=&#8221;1\/6&#8243;][vc_single_image image=&#8221;2349&#8243; img_size=&#8221;full&#8221;][\/vc_column_inner][vc_column_inner width=&#8221;1\/6&#8243;][vc_single_image image=&#8221;2350&#8243; img_size=&#8221;full&#8221;][\/vc_column_inner][vc_column_inner width=&#8221;1\/6&#8243;][vc_single_image image=&#8221;2352&#8243; img_size=&#8221;full&#8221;][\/vc_column_inner][vc_column_inner width=&#8221;1\/6&#8243;][vc_single_image image=&#8221;2353&#8243; img_size=&#8221;full&#8221;][\/vc_column_inner][vc_column_inner width=&#8221;1\/6&#8243;][vc_single_image image=&#8221;2348&#8243; img_size=&#8221;full&#8221;][\/vc_column_inner][\/vc_row_inner][\/vc_column][\/vc_row]<\/p>","protected":false},"excerpt":{"rendered":"<p>[vc_row content_placement=&#8221;top&#8221; css=&#8221;.vc_custom_1464012674608{margin-top: -20px !important;margin-right: 0px !important;margin-bottom: 0px !important;margin-left: -20px !important;border-top-width: -20px !important;border-right-width: 0px !important;border-bottom-width: 0px !important;border-left-width: -20px !important;padding-top: -20px !important;padding-right: 0px !important;padding-bottom: 0px !important;padding-left: -20px !important;}&#8221;][vc_column<\/p>\n<p> <a class=\"more-link\" href=\"http:\/\/lalorrainedesecrivains.univ-lorraine.fr\/es\/\">Lire la suite<\/a><\/p>\n","protected":false},"author":1,"featured_media":0,"parent":0,"menu_order":0,"comment_status":"open","ping_status":"closed","template":"","meta":{"footnotes":""},"class_list":["post-2","page","type-page","status-publish","hentry"],"_links":{"self":[{"href":"http:\/\/lalorrainedesecrivains.univ-lorraine.fr\/es\/wp-json\/wp\/v2\/pages\/2","targetHints":{"allow":["GET"]}}],"collection":[{"href":"http:\/\/lalorrainedesecrivains.univ-lorraine.fr\/es\/wp-json\/wp\/v2\/pages"}],"about":[{"href":"http:\/\/lalorrainedesecrivains.univ-lorraine.fr\/es\/wp-json\/wp\/v2\/types\/page"}],"author":[{"embeddable":true,"href":"http:\/\/lalorrainedesecrivains.univ-lorraine.fr\/es\/wp-json\/wp\/v2\/users\/1"}],"replies":[{"embeddable":true,"href":"http:\/\/lalorrainedesecrivains.univ-lorraine.fr\/es\/wp-json\/wp\/v2\/comments?post=2"}],"version-history":[{"count":76,"href":"http:\/\/lalorrainedesecrivains.univ-lorraine.fr\/es\/wp-json\/wp\/v2\/pages\/2\/revisions"}],"predecessor-version":[{"id":4729,"href":"http:\/\/lalorrainedesecrivains.univ-lorraine.fr\/es\/wp-json\/wp\/v2\/pages\/2\/revisions\/4729"}],"wp:attachment":[{"href":"http:\/\/lalorrainedesecrivains.univ-lorraine.fr\/es\/wp-json\/wp\/v2\/media?parent=2"}],"curies":[{"name":"wp","href":"https:\/\/api.w.org\/{rel}","templated":true}]}}