{"id":2166,"date":"2016-05-26T09:21:22","date_gmt":"2016-05-26T08:21:22","guid":{"rendered":"http:\/\/studioreb.fr\/lde\/?page_id=1566"},"modified":"2020-02-06T14:18:40","modified_gmt":"2020-02-06T13:18:40","slug":"articles-scientifiques-2","status":"publish","type":"page","link":"http:\/\/lalorrainedesecrivains.univ-lorraine.fr\/es\/articles-scientifiques-2\/","title":{"rendered":"R\u00e9f\u00e9rences"},"content":{"rendered":"<p>[vc_row full_width=&#8221;stretch_row&#8221; parallax=&#8221;content-moving&#8221; parallax_image=&#8221;1396&#8243;][vc_column css=&#8221;.vc_custom_1474380751572{margin-top: 150px !important;margin-bottom: 150px !important;}&#8221;][vc_custom_heading text=&#8221;R\u00e9f\u00e9rences scientifiques &#8221; font_container=&#8221;tag:h1|font_size:64|text_align:center|color:%23ffffff&#8221; google_fonts=&#8221;font_family:Lato%3A100%2C100italic%2C300%2C300italic%2Cregular%2Citalic%2C700%2C700italic%2C900%2C900italic|font_style:700%20bold%20regular%3A700%3Anormal&#8221;][\/vc_column][\/vc_row][vc_row][vc_column width=&#8221;1\/6&#8243; css=&#8221;.vc_custom_1474381340098{margin-top: 0px !important;margin-left: -40px !important;border-top-width: 0px !important;padding-top: 0px !important;}&#8221;][vc_single_image image=&#8221;2147&#8243; img_size=&#8221;full&#8221; css_animation=&#8221;top-to-bottom&#8221;][\/vc_column][vc_column width=&#8221;5\/6&#8243;][vc_custom_heading text=&#8221;Cr\u00e9ation litt\u00e9raire, territoires et m\u00e9diations culturelles&#8221; font_container=&#8221;tag:h2|font_size:24|text_align:left&#8221; google_fonts=&#8221;font_family:Lato%3A100%2C100italic%2C300%2C300italic%2Cregular%2Citalic%2C700%2C700italic%2C900%2C900italic|font_style:700%20bold%20regular%3A700%3Anormal&#8221;][vc_column_text]<strong>Alv\u00e8s Audrey et Pourchet Maria<\/strong> (dir.), 2011. Les m\u00e9diations de l\u2019\u00e9crivain. Les conditions de la cr\u00e9ation litt\u00e9raire. Paris\u00a0: L\u2019Harmattan. communication et civilisation. p. 269.<\/p>\n<p><strong>Alv\u00e8s\u00a0 Audrey<\/strong>, 2011. \u00ab\u00a0T\u00e9moigner des violences g\u00e9nocidaires\u202f: les enjeux des \u00ab\u00a0livres de voix\u00a0\u00bb. BAZI\u00c9, Isaac et HANS-J\u00dcRGEN, L\u00fcsebrink (dir.), <i>Violences postcoloniales. Perceptions m\u00e9diatiques et repr\u00e9sentations litt\u00e9raires<\/i>. Berlin\u00a0: LIT Verlag. p.\u00a0163\u2011176.<\/p>\n<p><strong>Alv\u00e8s\u00a0 Audrey<\/strong>, 2011. \u00ab\u00a0Dans les coulisses de La Trilogie rwandaise\u202f: les dispositifs de la cr\u00e9ation testimoniale\u00a0\u00bb. FLEURY, B\u00e9atrice et WALTER, Jacques (dir<i>.), Qualifier des lieux de d\u00e9tention et de massacre (4) &#8211; Dispositifs de m\u00e9diation m\u00e9morielle.<\/i> Nancy\u00a0: PUN &#8211; \u00c9ditions Universitaires de Lorraine. p.\u00a0363\u2011376.<\/p>\n<p><strong>Bachelard Gaston<\/strong>, 1994. <i>La Po\u00e9tique de l\u2019espace<\/i>. Paris, PUF, coll. \u00ab Quadrige \u00bb.<\/p>\n<p><strong>Bailly Antoine<\/strong>, 1994. \u00ab Territoires et territorialit\u00e9s \u00bb, dans J. Auray, A. Bailly, P. Derycke et J. Huriot (dirs.). Encyclop\u00e9die d\u2019\u00c9conomie Spatiale, p. 275-279.<\/p>\n<p><strong>Baron Christine<\/strong>,\u00a02011. \u00ab\u00a0Litt\u00e9rature et g\u00e9ographie\u00a0\u00bb, in Nathalie Kremer (\u00e9d.),\u00a0<i>Le partage des disciplines<\/i>, Fabula, revue LHT n\u00b0 8.<\/p>\n<p><strong>B\u00e9dard Mario<\/strong>, 1987. \u00ab Plaidoyer de l\u2019imaginaire pour une g\u00e9ographie humaniste \u00bb, in <i>Cahiers de g\u00e9ographie du Qu\u00e9bec<\/i>, 31, 82,\u00a0 p. 23-38.<\/p>\n<p><strong>Barthelemy Denis, Nieddu Martino, Vivien Franck-Dominique<\/strong>, 2005. <i>R\u00e9inventer le patrimoine, De la culture \u00e0 l\u2019\u00e9conomie, une nouvelle pens\u00e9e du patrimoine\u00a0?<\/i>, L\u2019Harmattan, Paris.<\/p>\n<p><strong>B\u00e9dard Mario<\/strong>, 1987. \u00ab Science-fiction et g\u00e9ographie \u00bb, in <i>Imagine<\/i>, 38, VIII, 3, p. 40-53.<\/p>\n<p><strong>B\u00e9dard Mari<\/strong>o, 2007. \u00ab La g\u00e9ographie culturelle qu\u00e9b\u00e9coise depuis la R\u00e9volution tranquille \u00bb, in <i>Cahiers de G\u00e9ographie du Qu\u00e9bec<\/i>, 51, p. 219-242.<\/p>\n<p><strong>Bisenius-Penin Carole<\/strong>, 2015. \u00ab\u00a0Cr\u00e9ation litt\u00e9raire et territoire\u202f: l\u2019atelier d\u2019\u00e9criture comme cartographie fictionnelle de l\u2019espace urbain\u00a0\u00bb. In : Roelens Nathalie, Vercruysse, Thomas (dirs). <i>Lire, \u00e9crire, pratiquer la ville<\/i>. Paris : \u00c9d. Kim\u00e9, p. 290-306<\/p>\n<p><strong>Bisenius-Penin Carole<\/strong>, (dir.), 2015. <i>R\u00e9sidence d\u2019auteurs, cr\u00e9ation litt\u00e9raire et m\u00e9diations culturelles (1). \u00c0 la recherche d\u2019une cartographie en Grande R\u00e9gion<\/i>. Nancy\u00a0: PUN &#8211; \u00c9ditions Universitaires de Lorraine, 170 p.<\/p>\n<p><strong>Bisenius-Penin Carole<\/strong>, 2015. \u00ab\u00a0La Maison internationale des litt\u00e9ratures \u00e0 Bruxelles\u202f: la r\u00e9sidence comme une interface communicationnelle entre des \u0153uvres litt\u00e9raires, des publics et des institutions culturelles\u00a0\u00bb. In\u00a0: BISENIUS-PENIN, Carole (\u00e9d.), <i>R\u00e9sidence d\u2019auteurs, cr\u00e9ation litt\u00e9raire et m\u00e9diations culturelles. Vol. 1\u202f: \u00c0 la recherche d\u2019une cartographie<\/i>. Nancy\u00a0: PUN &#8211; \u00c9ditions Universitaires de Lorraine, p.\u00a0117-130.<\/p>\n<p><strong>Bisenius-Penin Carole<\/strong>, 2015. \u00ab\u00a0M\u00e9diations litt\u00e9raires\u202f: Territoire et cr\u00e9ation au Luxembourg\u00a0\u00bb. In : VERCRUYSSE, Thomas (\u00e9d.), Luxembourg\u202f: ville cr\u00e9ative. Luxembourg : Capybarabooks, p. 32-57.<\/p>\n<p><strong>Bisenius-Penin Carole<\/strong>, 2015. \u00ab\u00a0Cr\u00e9ations litt\u00e9raires itin\u00e9rantes de Jacques Jouet\u202f: r\u00e9sidence d\u2019\u00e9crivain et atelier d\u2019\u00e9criture\u00a0\u00bb. In : Lapprand, Marc, Moncond\u2019huy, Dominique, Jacques Jouet. Rennes\u00a0: PUR, p.229-240.<\/p>\n<p><strong>Bisenius-Penin Carole<\/strong>, (dir.), 2016. <i>R\u00e9sidence d\u2019auteurs, cr\u00e9ation litt\u00e9raire et m\u00e9diations culturelles (2)\u202f: Territoires et Publics<\/i>, R\u00e9gion. Nancy\u00a0: PUN &#8211; \u00c9ditions Universitaires de Lorraine.<\/p>\n<p><strong>Bisenius-Penin Carole<\/strong>, 2016. <b>Comment sauver cette esp\u00e8ce en voie de disparition, l\u2019\u00e9crivain. In\u00a0: The Conversation [en ligne], 28 janvier.<\/b> Disponible \u00e0 l\u2019adresse\u00a0: http:\/\/theconversation.com\/comment-sauver-cette-espece-en-voie-de-disparition-lecrivain-53579<\/p>\n<p><strong>Bisenius-Penin Carole<\/strong>, et ECKLY, Jonathan, 2015. Ecrire en r\u00e9sidence [Documentaire en\u00a0ligne]. Disponible \u00e0 l\u2019adresse\u00a0: http:\/\/videos.univ-lorraine.fr\/index.php?act=view&amp;id=3281<\/p>\n<p><strong>Bouloumi\u00e9 Arlette et Trivisani-Moreau Isabelle<\/strong> (\u00e9ds.), 2005. L<i>e G\u00e9nie du lieu. Des paysages en litt\u00e9rature<\/i>. Paris, Imago.<\/p>\n<p><strong>Bourin Andr\u00e9<\/strong>, 1960. <i>Province, terre d\u2019inspiration. Dix essais de g\u00e9ographie litt\u00e9raire<\/i>, Paris, Albin Michel.<\/p>\n<p><strong>Bouvet Rachel et El Omari Basma<\/strong> (\u00e9ds.), 2003. <i>L\u2019espace en toutes lettres<\/i>, Qu\u00e9bec, \u00c9ditions Nota Bene.<\/p>\n<p><strong>Bouvet Rachel<\/strong>, 2003. \u00ab Cartographie du lointain : lecture crois\u00e9e entre le texte et la carte \u00bb, in Rachel Bouvet et Basma El Omari (\u00e9ds.), <i>L\u2019espace en toutes lettres<\/i>, Qu\u00e9bec, \u00e9ditions Nota Bene,\u00a0 p. 277-298.<\/p>\n<p><strong>Bouvet Rachel<\/strong>, 2006. <i>Pages de sable. Essai sur l\u2019imaginaire du d\u00e9sert<\/i>, Montr\u00e9al, XYZ \u00e9diteur, coll. \u00ab Documents \u00bb.<\/p>\n<p><strong>Bouvet Rachel<\/strong>, Carpentier, Andr\u00e9, Daniel Chartier, (\u00e9ds.), 2006. <i>Nomades, voyageurs, explorateurs, d\u00e9ambulateurs : les modalit\u00e9s du parcours en litt\u00e9rature<\/i>, Paris, L\u2019Harmattan.<\/p>\n<p><strong>Bouvet Rachel<\/strong>, 2006. \u00ab Du parcours nomade \u00e0 l\u2019errance : une figure de l\u2019entre-deux \u00bb, in Rachel Bouvet, Andr\u00e9 Carpentier et Daniel Chartier (\u00e9ds.), <i>Nomades, voyageurs, explorateurs, d\u00e9ambulateurs : les modalit\u00e9s du parcours en litt\u00e9rature<\/i>, Paris, L\u2019Harmattan, p. 35-50.<\/p>\n<p><strong>Bouvet Rachel<\/strong>, Guy, H\u00e9l\u00e8ne et Waddell, Eric (\u00e9ds.), 2008. <i>La carte. Point de vue sur le monde<\/i>,\u00a0Montr\u00e9al, M\u00e9moire d\u2019encrier.<\/p>\n<p><strong>Bouvet Rachel<\/strong>, White, Kenneth (\u00e9ds.), 2008. <i>Le nouveau territoire. L\u2019exploration g\u00e9opo\u00e9tique de l\u2019espace<\/i>, Montr\u00e9al, Universit\u00e9 du Qu\u00e9bec \u00e0 Montr\u00e9al, coll. \u00ab Figura \u00bb.<\/p>\n<p><strong>Brosseau Marc<\/strong>, 1996. <i>Des romans-g\u00e9ographes<\/i>, Paris, L\u2019Harmattan.<\/p>\n<p><strong>Brosseau Marc<\/strong>, Cambron, Micheline, 2003. \u00ab Entre g\u00e9ographie et litt\u00e9rature : fronti\u00e8res et perspectives dialogiques \u00bb, in <i>Recherches sociographiques<\/i>, vol. 44, n\u00b0 3, p. 527-547.<\/p>\n<p><strong>Brosseau Marc<\/strong>, Le Bel, Pierre-Mathieu, 2007. \u00ab Lecture chronotopique du polar : Montr\u00e9al dans La trace de l\u2019escargot \u00bb, in <i>G\u00e9ographie et cultures<\/i>, n\u00b0 61, p. 99-114.<\/p>\n<p><strong>Brosseau Marc<\/strong>, 2008. \u00ab L\u2019espace litt\u00e9raire en l\u2019absence de description : Un d\u00e9fi pour l\u2019interpr\u00e9tation g\u00e9ographique de la litt\u00e9rature \u00bb, in <i>Cahiers de g\u00e9ographie du Qu\u00e9bec<\/i>, 52 (147), p. 419-437.<\/p>\n<p><strong>Bureau Luc<\/strong> (\u00e9d.), 1999. <i>Pays et Mensonges. Le Qu\u00e9bec sous la plume d\u2019\u00e9crivains et de penseurs \u00e9trangers. Anthologie g\u00e9o-litt\u00e9raire<\/i>, Montr\u00e9al, Bor\u00e9al.<\/p>\n<p><strong>Caillet Elisabeth<\/strong>, 2007. <i>Accompagner les publics, la m\u00e9diation culturelle<\/i>, Paris, L\u2019Harmattan.<\/p>\n<p><strong>Camus Audrey, Bouvet Rache<\/strong>l (\u00e9ds.), 2011. <i>Topographies romanesques<\/i>, Rennes, Presses Universitaires de Rennes en co-\u00e9dition avec les Presses Universitaires du Qu\u00e9bec.<\/p>\n<p><strong>Caune Jean<\/strong>, 2006. <i>La d\u00e9mocratisation culturelle, une m\u00e9diation \u00e0 bout de souffle<\/i>, Presses de l\u2019universit\u00e9 de Grenoble, Grenoble.<\/p>\n<p>-2000, <i>La m\u00e9diation culturelle : une construction du lien social<\/i>, consultable en ligne<\/p>\n<p>http:\/\/w3.u-grenoble3.fr\/les_enjeux\/2000\/Caune\/index.php.<\/p>\n<p>&#8211;\u00a01999, <i>Pour une \u00e9thique de la m\u00e9diation: le sens des pratiques culturelles<\/i>, Presses universitaires de Grenoble.<\/p>\n<p>&#8211;\u00a01995, <i>Culture et communication : Convergences th\u00e9oriques et lieux de m\u00e9diation, <\/i>Grenoble, Presses universitaires de Grenoble (coll. \u00ab La communication en plus \u00bb).<\/p>\n<p><strong>Chevalier Michel<\/strong>, 2001. <i>G\u00e9ographie et Litt\u00e9rature \u00e0 l\u2019aube du XXI\u00e8me si\u00e8cle<\/i>, num\u00e9ro hors s\u00e9rie de La G\u00e9ographie, n\u00b0 1500bis.<\/p>\n<p><strong>Chevalier Michel<\/strong>, (\u00e9d.), 2003. <i>La litt\u00e9rature dans tous ses espaces<\/i>, Paris, CNRS \u00e9ditions.<\/p>\n<p><strong>Chevalier Michel<\/strong>, 2003. \u00ab\u00a0Une vision de la g\u00e9ographie sociale et culturelle en France\u00a0\u00bb, <i>Annales de g\u00e9ographie<\/i>, n\u00b0 634, p. 646-657.<\/p>\n<p><strong>Clerc Adeline<\/strong>, 2012. Le r\u00f4le des salons du livre dans la construction de l\u2019\u00e9crivain. Primo-romanciers et auteurs peu reconnus. Communication et langage, n\u00b0174, p.\u00a01934.<\/p>\n<p><strong>Clerc Adeline<\/strong>, 2012. Place et l\u00e9gitimit\u00e9 des auto\u00e9dit\u00e9s en salon. Les enjeux de l\u2019information et de la communication, n\u00b013, p.\u00a018.<\/p>\n<p><strong>Clerc Adeline<\/strong>, 2014. La nature et les relations auteur\/lecteur en salon\u202f: l\u2019exemple du Livre sur la Place \u00e0 Nancy. In\u00a0: DUCAS, Sylvie (\u00e9d.), <i>Paroles du livre. Les acteurs du livre 3<\/i>. Paris\u00a0: Editions Nicolas Malais, p.\u00a0102-113.<\/p>\n<p><strong>Clerc Adeline<\/strong>, 2014. \u00ab\u202fLa r\u00e9sidence d\u2019auteur ou comment s\u2019inscrire dans un territoire rural. La Pens\u00e9e Sauvage \u00e0 Bouxurulles (Vosges). In\u00a0: BISENIUS-PENIN, Carole (\u00e9d.), <i>R\u00e9sidence d\u2019auteurs, cr\u00e9ation litt\u00e9raire et m\u00e9diations culturelles (1). A la recherche d\u2019une cartographie<\/i>. Nancy\u00a0: PUN &#8211; \u00c9ditions Universitaires de Lorraine, p.\u00a049-60.<\/p>\n<p><strong>Collot Michel<\/strong>, (\u00e9d.), 1996. <i>Les Enjeux du paysage<\/i>, Bruxelles,\u00a0 Ousia, coll. \u00ab Recueil \u00bb.<\/p>\n<p><strong>Collot Michel<\/strong>, 2005. <i>Paysage et po\u00e9sie<\/i>, Paris, J. Corti.<\/p>\n<p><strong>Collot Michel<\/strong>, 2008. \u00ab De la g\u00e9opo\u00e9tique \u00bb, in Alessia Biase et al. (\u00e9ds.), <i>L\u2019Habiter dans sa po\u00e9tique premi\u00e8re<\/i>, Paris, Editions Donner lieu.<\/p>\n<p><strong>Collot Michel<\/strong>, \u00ab Pour une g\u00e9ographie litt\u00e9raire \u00bb, <i>LHT<\/i>, n\u00b08, 2011 http:\/\/www.fabula.org\/lht\/8\/8dossier\/242-collot<\/p>\n<p><strong>Collot Michel<\/strong>, 2011. <i>La Pens\u00e9e-paysage<\/i>, Arles, Actes Sud \/ Versailles, ENSP.<\/p>\n<p><strong>Di Meo Guy<\/strong>, 1995. \u00ab\u00a0Patrimoine et territoire, une parent\u00e9 conceptuelle\u00a0\u00bb, <i>Espaces et soci\u00e9t\u00e9s<\/i>, n<sup>o<\/sup> 78, p.\u00a015-34.<\/p>\n<p><strong>Di\u00a0Meo Guy<\/strong>, 1998. G\u00e9ographie sociale et territoires. Paris: Nathan, Collection G\u00e9ographie.<\/p>\n<p><strong>Di\u00a0Meo Guy<\/strong>, 2008. \u00ab\u00a0Processus de patrimonialisation et construction des territoires\u00a0\u00bb. <i>Colloque &#8220;Patrimoine et industrie en Poitou-Charentes : conna\u00eetre pour valoriser&#8221;<\/i>, Poitiers-Ch\u00e2tellerault, France. Geste \u00e9ditions, p.87-109.<\/p>\n<p><strong>Fabre Daniel<\/strong>, 1997. \u00ab\u00a0Le patrimoine, l\u2019ethnologie\u00a0\u00bb, in P. Nora (dir.), <i>Science et conscience du patrimoine<\/i>, Entretiens du patrimoine, p. 59-72.<\/p>\n<p><strong>Garat Isabelle, Gravari-Barbas Maria, Veschambre Vincen<\/strong>t 2001. \u00ab\u00a0\u00c9mergence et affirmation du patrimoine dans la g\u00e9ographie fran\u00e7aise\u00a0: la position de la g\u00e9ographie sociale\u00a0\u00bb, in J.-M. Fournier (dir.), <i>Faire la g\u00e9ographie sociale aujourd\u2019hui<\/i>, actes du colloque de g\u00e9ographie sociale de Caen, Les Documents de la MRSH, n\u00b0 14, p. 31-40.<\/p>\n<p><strong>Garric Henri<\/strong>, 2007. <i>Portraits de villes : marches et cartes : la repr\u00e9sentation urbaine dans les discours contemporains<\/i>, Paris, H. Champion.<\/p>\n<p><strong>Guerin Jean-Paul<\/strong>, 2001. \u00ab\u00a0Patrimoine, patrimonialisation, enjeux g\u00e9ographiques\u00a0\u00bb, <i>in <\/i>FOURNIER J.-M., <i>Faire la g\u00e9ographie sociale aujourd\u2019hui<\/i>, Caen, Presses universitaires, Les Documents de la Maison de la Recherche en Sciences Humaines de Caen, 2001, n<sup>o<\/sup> 14, p.\u00a041-48.<\/p>\n<p><strong>Gravari-Barbas Maria, Guichard-Anguis Sylvie<\/strong>, (dir.), 2003. <i>Regards crois\u00e9s sur le patrimoine dans le monde \u00e0 l&#8217;aube du XXIe si\u00e8cle<\/i>, Paris, PU Paris-Sorbonne.<\/p>\n<p><strong>Gumuchian Herv\u00e9, Pecqueur Bernard<\/strong>, 2007. <i>La ressource territoriale<\/i>, Economica, Anthropos, Paris.<\/p>\n<p><strong>Heinich Nathalie,<\/strong> 2000. <i>\u00catre \u00e9crivain. Cr\u00e9ation et identit\u00e9<\/i>, Paris, \u00c9d. La D\u00e9couverte.<\/p>\n<p><strong>Jourde Pierre<\/strong>, 1991. <i>G\u00e9ographies imaginaires : de quelques inventeurs de mondes au XX\u00e8me si\u00e8cle : Gracq, Borges, Michaux, Tolkien<\/i>, Paris, J. Corti.<\/p>\n<p><strong>Lafortune Jean-Mari<\/strong>e (dir.), 2012. <i>La m\u00e9diation culturelle : Le sens des mots et l\u2019essence des pratiques<\/i>, Presses de l\u2019Universit\u00e9 du Qu\u00e9bec.<\/p>\n<p><strong>Lamizet Bernard<\/strong>, 2000. <i>La m\u00e9diation culturelle<\/i>, Paris, L\u2019Harmattan.<\/p>\n<p><strong>LAPLANTE Marc<\/strong>, 1992. \u00ab\u00a0Le patrimoine en tant qu\u2019attraction touristique\u00a0: histoire, possibilit\u00e9s et limites\u00a0\u00bb, <i>in <\/i>NEYRET R., <i>Le patrimoine, atout du d\u00e9veloppement<\/i>, Presses Universitaires de Lyon, coll. Transversales, p.\u00a049-61.<\/p>\n<p><strong>L\u00e9vy Bertrand<\/strong>, 1997. \u00ab G\u00e9ographie humaniste, g\u00e9ographie culturelle et litt\u00e9rature. Position \u00e9pist\u00e9mologique et m\u00e9thodologique \u00bb, in<i> G\u00e9ographie et cultures<\/i>, n\u00b0 21, p. 27-44.<\/p>\n<p><strong>L\u00e9vy Bertrand<\/strong>(\u00e9d.), 1994. <i>Le voyage \u00e0 Gen\u00e8ve. Une g\u00e9ographie litt\u00e9raire. Stendhal, Chateaubriand, Dumas, Flaubert, Nerval, Gautier, Cochet, Bau\u00ebr, Gascar, Bouvier<\/i>, Gen\u00e8ve, Ed. Metropolis.<\/p>\n<p><strong>L\u00e9vy Bertrand, Raffestin, Claude<\/strong> (\u00e9ds.), 2004. <i>Voyage en ville d\u2019Europe. G\u00e9ographies et litt\u00e9rature<\/i>, Gen\u00e8ve, Metropolis.<\/p>\n<p><strong>L\u00e9vy,Bertrand, Gillet, Alexandre<\/strong>, 2007. <i>Marche et paysage : les chemins de la g\u00e9opo\u00e9tique<\/i>, Gen\u00e8ve, M\u00e9tropolis.<\/p>\n<p><strong>L\u00e9vy Bertrand<\/strong>, 2006. \u00ab G\u00e9ographie et litt\u00e9rature. Une synth\u00e8se historique \u00bb, in <i>Le Globe<\/i>, t. 146, p. 25-52.<\/p>\n<p><strong>M\u00e9on Jean-Matthieu<\/strong>, 2011, \u00ab\u00a0Des dispositifs artistiques et culturels\u00a0\u00bb. In\u00a0: BARDIN, Christophe, LAHUERTA, Claire et M\u00c9ON, Jean-Matthieu (\u00e9ds), <i>Dispositifs artistiques et culturels\u00a0: cr\u00e9ation, institution, public<\/i>, Lormont\u00a0: \u00c9d. Le Bord de l\u2019Eau, p.\u00a07-16.<\/p>\n<p><strong>M\u00e9on Jean-Matthieu<\/strong>, 2016. \u00ab\u00a0Une approche extensive du roman graphique. <i>Phuong-Dinh Express<\/i>, <i>Autodaf\u00e9<\/i> et la combustion spontan\u00e9e des fronti\u00e8res\u00a0\u00bb. <i>Image &amp; Narrative<\/i>, vol.\u00a017, n\u00b02. Disponible \u00e0 l\u2019adresse\u00a0:http:\/\/www.lemouvementsocial.net\/comptes-rendus\/viviane-alary-benoit-mitaine-dir-lignes-de-front-bande-dessinee-et-totalitarisme\/<\/p>\n<p><strong>M\u00e9on Jean-Matthieu<\/strong>, 2016. \u00ab\u00a0L\u2019auteur comme artiste polyvalent. La l\u00e9gitimit\u00e9 culturelle et ses figures impos\u00e9es\u00a0\u00bb. In\u00a0: TILLEUIL, Jean-Louis (dir), The Cultural Standing of Comics\/Le statut culturel de la bande dessin\u00e9e. Louvain-la-Neuve\u00a0: Academia, p.\u00a05-24.<\/p>\n<p><strong>Mersch Corinna<\/strong>, 2004. <i>Laissez-Passer \u2013 Topographie Litt\u00e9raire D\u2019une Europe Des Fronti\u00e8res<\/i>, Luxembourg, Editions Phi\/Editpress.<\/p>\n<p><strong>Molina G\u00e9raldin<\/strong>e 2014. \u00ab\u00a0Lorsque l\u2019imaginaire g\u00e9ographique litt\u00e9raire d\u00e9borde les fronti\u00e8res du livre\u2026 et s\u2019inscrit dans l\u2019espace\u00a0\u00bb, <i>in<\/i> L. Dupuy, J.-Y.Puyo (dir.), <i>G\u00e9ographie, langue et textes litt\u00e9raires\u00a0: regards crois\u00e9s sur l\u2019imaginaire g\u00e9ographique<\/i>, Presses Universitaires de Pau et des Pays de l\u2019Adour.<\/p>\n<p><strong>Pageaux Daniel-Henri<\/strong>, 2001. \u00ab De la g\u00e9ocritique \u00e0 la g\u00e9osymbolique. Regards sur un champ interdisciplinaire : litt\u00e9rature g\u00e9n\u00e9rale et compar\u00e9e et g\u00e9ographie \u00bb, in Bertrand Westhphal (\u00e9d.), <i>La g\u00e9ocritique mode d\u2019emploi<\/i>, PULIM, Limoges, p. 125-164.<\/p>\n<p><strong>Pecqueur Bernard<\/strong>, 2000. <i>Le d\u00e9veloppement local<\/i>, 2<sup>e<\/sup> \u00e9d., Dijon, Syros.<\/p>\n<p><strong>P\u00e9ron Fran\u00e7oise<\/strong>, 2001. \u00ab\u00a0Patrimoine culturel et g\u00e9ographie sociale\u00a0\u00bb, in J.-M. Fournier (dir.), <i>Faire la g\u00e9ographie sociale aujourd\u2019hui, actes du colloque de g\u00e9ographie sociale de Caen,\u00a0<\/i> Les Documents de la MRSH, n\u00b0 14, p. 19-29.<\/p>\n<p><strong>Peyrache-Gadeau V., Pecqueur Bernard<\/strong>, 2004. \u00ab\u00a0Les ressources patrimoniales\u00a0: valorisation par les milieux innovateurs\u00a0\u00bb, <i>in <\/i>R. CAMAGNI, D. MAILLAT et A. MATTEACCIOLI (eds), <i>Ressources naturelles et culturelles, milieux et d\u00e9veloppement local<\/i>, Neuch\u00e2tel, EDES, p.\u00a071-89.<\/p>\n<p><strong>Quinsat Gilles, Cerquiglini Bernard<\/strong> (\u00e9ds.), 1990. <i>Grand atlas des litt\u00e9ratures<\/i>, Paris, Encyclopaedia Universalis.<\/p>\n<p><strong>Westphal Bertrand<\/strong> (\u00e9d.), 2001. <i>G\u00e9ocritique mode d\u2019emploi<\/i>, Limoges, Pulim.<\/p>\n<p><strong>Westphal, Bertrand<\/strong>, 2005. <i>L\u2019\u0152il de la M\u00e9diterran\u00e9e<\/i>, La Tour d\u2019Aigues, \u00c9ditions de l\u2019Aube.<\/p>\n<p><strong>Westphal, Bertrand<\/strong>, 2005. <i>Pour une approche g\u00e9ocritique des textes<\/i>, SFLGC, Vox Poetica.<\/p>\n<p><strong>Westphal, Bertrand<\/strong>, 2007. <i>La G\u00e9ocritique, R\u00e9el, Fiction, Espace<\/i>, Paris, \u00c9ditions de Minuit.<\/p>\n<p><strong>Westphal, Bertrand<\/strong>, Flabbi, Lorenzo (\u00e9ds.), 2010. <i>Espaces, tourismes, esth\u00e9tiques<\/i>, Limoges, Pulim.<\/p>\n<p><strong>White, Kenneth<\/strong>, 1994. <i>Le Plateau de l\u2019Albatros. Introduction \u00e0 la g\u00e9opo\u00e9tique<\/i>, Paris, B. Grasset.<\/p>\n<p><strong>White, Kenneth<\/strong>, 2007. <i>Dialogue avec Deleuze : politique, philosophie, g\u00e9opo\u00e9tique<\/i>, Paris, \u00c9d. Isolato.[\/vc_column_text][\/vc_column][\/vc_row]<\/p>\n","protected":false},"excerpt":{"rendered":"<p>[vc_row full_width=&#8221;stretch_row&#8221; parallax=&#8221;content-moving&#8221; parallax_image=&#8221;1396&#8243;][vc_column css=&#8221;.vc_custom_1474380751572{margin-top: 150px !important;margin-bottom: 150px !important;}&#8221;][vc_custom_heading text=&#8221;R\u00e9f\u00e9rences scientifiques &#8221; font_container=&#8221;tag:h1|font_size:64|text_align:center|color:%23ffffff&#8221; google_fonts=&#8221;font_family:Lato%3A100%2C100italic%2C300%2C300italic%2Cregular%2Citalic%2C700%2C700italic%2C900%2C900italic|font_style:700%20bold%20regular%3A700%3Anormal&#8221;][\/vc_column][\/vc_row][vc_row][vc_column width=&#8221;1\/6&#8243; css=&#8221;.vc_custom_1474381340098{margin-top: 0px !important;margin-left: -40px !important;border-top-width: 0px !important;padding-top: 0px !important;}&#8221;][vc_single_image image=&#8221;2147&#8243; img_size=&#8221;full&#8221; css_animation=&#8221;top-to-bottom&#8221;][\/vc_column][vc_column<\/p>\n<p> <a class=\"more-link\" href=\"http:\/\/lalorrainedesecrivains.univ-lorraine.fr\/es\/articles-scientifiques-2\/\">Lire la suite<\/a><\/p>\n","protected":false},"author":3,"featured_media":0,"parent":0,"menu_order":0,"comment_status":"closed","ping_status":"closed","template":"","meta":{"footnotes":""},"class_list":["post-2166","page","type-page","status-publish","hentry"],"_links":{"self":[{"href":"http:\/\/lalorrainedesecrivains.univ-lorraine.fr\/es\/wp-json\/wp\/v2\/pages\/2166","targetHints":{"allow":["GET"]}}],"collection":[{"href":"http:\/\/lalorrainedesecrivains.univ-lorraine.fr\/es\/wp-json\/wp\/v2\/pages"}],"about":[{"href":"http:\/\/lalorrainedesecrivains.univ-lorraine.fr\/es\/wp-json\/wp\/v2\/types\/page"}],"author":[{"embeddable":true,"href":"http:\/\/lalorrainedesecrivains.univ-lorraine.fr\/es\/wp-json\/wp\/v2\/users\/3"}],"replies":[{"embeddable":true,"href":"http:\/\/lalorrainedesecrivains.univ-lorraine.fr\/es\/wp-json\/wp\/v2\/comments?post=2166"}],"version-history":[{"count":10,"href":"http:\/\/lalorrainedesecrivains.univ-lorraine.fr\/es\/wp-json\/wp\/v2\/pages\/2166\/revisions"}],"predecessor-version":[{"id":4693,"href":"http:\/\/lalorrainedesecrivains.univ-lorraine.fr\/es\/wp-json\/wp\/v2\/pages\/2166\/revisions\/4693"}],"wp:attachment":[{"href":"http:\/\/lalorrainedesecrivains.univ-lorraine.fr\/es\/wp-json\/wp\/v2\/media?parent=2166"}],"curies":[{"name":"wp","href":"https:\/\/api.w.org\/{rel}","templated":true}]}}