{"id":2168,"date":"2016-05-26T09:22:12","date_gmt":"2016-05-26T08:22:12","guid":{"rendered":"http:\/\/studioreb.fr\/lde\/?page_id=1570"},"modified":"2016-09-30T19:09:41","modified_gmt":"2016-09-30T18:09:41","slug":"creation-dun-reseau-international-2","status":"publish","type":"page","link":"http:\/\/lalorrainedesecrivains.univ-lorraine.fr\/es\/creation-dun-reseau-international-2\/","title":{"rendered":"Cr\u00e9ation d\u2019un r\u00e9seau national et international"},"content":{"rendered":"<p>[vc_row full_width=&#8221;stretch_row&#8221; parallax=&#8221;content-moving&#8221; parallax_image=&#8221;2149&#8243;][vc_column][vc_custom_heading text=&#8221;Cr\u00e9ation d&#8217;un r\u00e9seau international&#8221; font_container=&#8221;tag:h1|font_size:64|text_align:center|color:%23000000&#8243; google_fonts=&#8221;font_family:Lato%3A100%2C100italic%2C300%2C300italic%2Cregular%2Citalic%2C700%2C700italic%2C900%2C900italic|font_style:700%20bold%20regular%3A700%3Anormal&#8221;][\/vc_column][\/vc_row][vc_row][vc_column][vc_column_text]<\/p>\n<h2><b>AAP\u00a0: Appel \u00e0 participation<\/b><\/h2>\n<p>L\u2019objectif est ici de cr\u00e9er une structure de mutualisation et de coop\u00e9ration, un r\u00e9seau de recherche, national et international, un espace de travail stabilis\u00e9 et innovant afin de r\u00e9unir dans une m\u00eame\u00a0d\u00e9marche, des chercheurs impliqu\u00e9s dans la probl\u00e9matique de la cr\u00e9ation litt\u00e9raire, des territoires et m\u00e9diations culturelles.<\/p>\n<p><span style=\"color: #000000;\"><strong>A ce titre, toutes les disciplines des sciences humaines et sociales sont concern\u00e9es, dans le but de susciter des collaborations pour la conduite d\u2019actions et de recherche sur ces m\u00eames sujets.<br \/>\n<\/strong><\/span><span style=\"color: #000000;\"><strong>N&#8217;h\u00e9sitez donc pas \u00e0 nous contacter directement sur le site (page contact)<\/strong><\/span>[\/vc_column_text][\/vc_column][\/vc_row][vc_row][vc_column width=&#8221;1\/2&#8243;][vc_custom_heading text=&#8221;\u00catre un site<br \/>\nde publication directe<br \/>\nd&#8217;articles de fond&#8221; font_container=&#8221;tag:h2|font_size:48px|text_align:right|color:%23000000|line_height:50px&#8221; google_fonts=&#8221;font_family:Lato%3A100%2C100italic%2C300%2C300italic%2Cregular%2Citalic%2C700%2C700italic%2C900%2C900italic|font_style:700%20bold%20regular%3A700%3Anormal&#8221;][\/vc_column][vc_column width=&#8221;1\/2&#8243;][vc_single_image image=&#8221;2780&#8243; img_size=&#8221;full&#8221;][\/vc_column][\/vc_row][vc_row][vc_column width=&#8221;1\/2&#8243;][vc_custom_heading text=&#8221;\u00caTRE UNE SOURCE<br \/>\nD\u2019INFORMATION ET D\u2019\u00c9CHANGE<br \/>\nPOUR LES CHERCHEURS&#8221; font_container=&#8221;tag:h2|font_size:48px|text_align:right|color:%23000000|line_height:50px&#8221; google_fonts=&#8221;font_family:Lato%3A100%2C100italic%2C300%2C300italic%2Cregular%2Citalic%2C700%2C700italic%2C900%2C900italic|font_style:700%20bold%20regular%3A700%3Anormal&#8221;][\/vc_column][vc_column width=&#8221;1\/2&#8243;][vc_single_image image=&#8221;2781&#8243; img_size=&#8221;full&#8221;][\/vc_column][\/vc_row][vc_row][vc_column width=&#8221;1\/2&#8243;][vc_custom_heading text=&#8221;FAVORISER LES INTERACTIONS<br \/>\nDE LA RECHERCHE SCIENTIFIQUE<br \/>\nET DE LA SOCI\u00c9T\u00c9 CIVILE&#8221; font_container=&#8221;tag:h2|font_size:48px|text_align:right|color:%23000000|line_height:50px&#8221; google_fonts=&#8221;font_family:Lato%3A100%2C100italic%2C300%2C300italic%2Cregular%2Citalic%2C700%2C700italic%2C900%2C900italic|font_style:700%20bold%20regular%3A700%3Anormal&#8221;][\/vc_column][vc_column width=&#8221;1\/2&#8243;][vc_single_image image=&#8221;2783&#8243; img_size=&#8221;full&#8221;][\/vc_column][\/vc_row]<\/p>\n","protected":false},"excerpt":{"rendered":"<p>[vc_row full_width=&#8221;stretch_row&#8221; parallax=&#8221;content-moving&#8221; parallax_image=&#8221;2149&#8243;][vc_column][vc_custom_heading text=&#8221;Cr\u00e9ation d&#8217;un r\u00e9seau international&#8221; font_container=&#8221;tag:h1|font_size:64|text_align:center|color:%23000000&#8243; google_fonts=&#8221;font_family:Lato%3A100%2C100italic%2C300%2C300italic%2Cregular%2Citalic%2C700%2C700italic%2C900%2C900italic|font_style:700%20bold%20regular%3A700%3Anormal&#8221;][\/vc_column][\/vc_row][vc_row][vc_column][vc_column_text] AAP\u00a0: Appel \u00e0 participation L\u2019objectif est ici de cr\u00e9er une structure de mutualisation et de coop\u00e9ration, un<\/p>\n<p> <a class=\"more-link\" href=\"http:\/\/lalorrainedesecrivains.univ-lorraine.fr\/es\/creation-dun-reseau-international-2\/\">Lire la suite<\/a><\/p>\n","protected":false},"author":3,"featured_media":0,"parent":0,"menu_order":0,"comment_status":"closed","ping_status":"closed","template":"","meta":{"footnotes":""},"class_list":["post-2168","page","type-page","status-publish","hentry"],"_links":{"self":[{"href":"http:\/\/lalorrainedesecrivains.univ-lorraine.fr\/es\/wp-json\/wp\/v2\/pages\/2168","targetHints":{"allow":["GET"]}}],"collection":[{"href":"http:\/\/lalorrainedesecrivains.univ-lorraine.fr\/es\/wp-json\/wp\/v2\/pages"}],"about":[{"href":"http:\/\/lalorrainedesecrivains.univ-lorraine.fr\/es\/wp-json\/wp\/v2\/types\/page"}],"author":[{"embeddable":true,"href":"http:\/\/lalorrainedesecrivains.univ-lorraine.fr\/es\/wp-json\/wp\/v2\/users\/3"}],"replies":[{"embeddable":true,"href":"http:\/\/lalorrainedesecrivains.univ-lorraine.fr\/es\/wp-json\/wp\/v2\/comments?post=2168"}],"version-history":[{"count":7,"href":"http:\/\/lalorrainedesecrivains.univ-lorraine.fr\/es\/wp-json\/wp\/v2\/pages\/2168\/revisions"}],"predecessor-version":[{"id":2847,"href":"http:\/\/lalorrainedesecrivains.univ-lorraine.fr\/es\/wp-json\/wp\/v2\/pages\/2168\/revisions\/2847"}],"wp:attachment":[{"href":"http:\/\/lalorrainedesecrivains.univ-lorraine.fr\/es\/wp-json\/wp\/v2\/media?parent=2168"}],"curies":[{"name":"wp","href":"https:\/\/api.w.org\/{rel}","templated":true}]}}