{"id":359,"date":"2015-09-23T11:26:18","date_gmt":"2015-09-23T11:26:18","guid":{"rendered":"http:\/\/thirteen.apollo13.kinsta.com\/?page_id=359"},"modified":"2023-03-13T09:30:30","modified_gmt":"2023-03-13T08:30:30","slug":"contact-me","status":"publish","type":"page","link":"http:\/\/lalorrainedesecrivains.univ-lorraine.fr\/es\/contact-me\/","title":{"rendered":"Contact"},"content":{"rendered":"<p>[vc_row][vc_column][vc_custom_heading text=&#8221;Contact&#8221; font_container=&#8221;tag:h2|font_size:40px|text_align:center|line_height:10px&#8221; use_theme_fonts=&#8221;yes&#8221;][vc_text_separator title=&#8221;Formulaire&#8221; el_width=&#8221;50&#8243;][vc_column_text css=&#8221;.vc_custom_1475057729535{background-color: rgba(255,255,255,0.01) !important;*background-color: rgb(255,255,255) !important;}&#8221;]Ce site \u00e9tant un projet collaboratif, n&#8217;h\u00e9sitez pas \u00e0 nous soumettre vos remarques en remplissant ce formulaire[\/vc_column_text][contact-form-7 id=&#8221;343&#8243;][\/vc_column][\/vc_row]<\/p>","protected":false},"excerpt":{"rendered":"<p>[vc_row][vc_column][vc_custom_heading text=&#8221;Contact&#8221; font_container=&#8221;tag:h2|font_size:40px|text_align:center|line_height:10px&#8221; use_theme_fonts=&#8221;yes&#8221;][vc_text_separator title=&#8221;Formulaire&#8221; el_width=&#8221;50&#8243;][vc_column_text css=&#8221;.vc_custom_1475057729535{background-color: rgba(255,255,255,0.01) !important;*background-color: rgb(255,255,255) !important;}&#8221;]Ce site \u00e9tant un projet collaboratif, n&#8217;h\u00e9sitez pas \u00e0 nous soumettre vos remarques en remplissant ce formulaire[\/vc_column_text][contact-form-7<\/p>\n<p> <a class=\"more-link\" href=\"http:\/\/lalorrainedesecrivains.univ-lorraine.fr\/es\/contact-me\/\">Lire la suite<\/a><\/p>\n","protected":false},"author":1,"featured_media":0,"parent":0,"menu_order":0,"comment_status":"closed","ping_status":"closed","template":"","meta":{"footnotes":""},"class_list":["post-359","page","type-page","status-publish","hentry"],"_links":{"self":[{"href":"http:\/\/lalorrainedesecrivains.univ-lorraine.fr\/es\/wp-json\/wp\/v2\/pages\/359","targetHints":{"allow":["GET"]}}],"collection":[{"href":"http:\/\/lalorrainedesecrivains.univ-lorraine.fr\/es\/wp-json\/wp\/v2\/pages"}],"about":[{"href":"http:\/\/lalorrainedesecrivains.univ-lorraine.fr\/es\/wp-json\/wp\/v2\/types\/page"}],"author":[{"embeddable":true,"href":"http:\/\/lalorrainedesecrivains.univ-lorraine.fr\/es\/wp-json\/wp\/v2\/users\/1"}],"replies":[{"embeddable":true,"href":"http:\/\/lalorrainedesecrivains.univ-lorraine.fr\/es\/wp-json\/wp\/v2\/comments?post=359"}],"version-history":[{"count":14,"href":"http:\/\/lalorrainedesecrivains.univ-lorraine.fr\/es\/wp-json\/wp\/v2\/pages\/359\/revisions"}],"predecessor-version":[{"id":4718,"href":"http:\/\/lalorrainedesecrivains.univ-lorraine.fr\/es\/wp-json\/wp\/v2\/pages\/359\/revisions\/4718"}],"wp:attachment":[{"href":"http:\/\/lalorrainedesecrivains.univ-lorraine.fr\/es\/wp-json\/wp\/v2\/media?parent=359"}],"curies":[{"name":"wp","href":"https:\/\/api.w.org\/{rel}","templated":true}]}}