{"id":3908,"date":"2017-07-17T14:38:43","date_gmt":"2017-07-17T13:38:43","guid":{"rendered":"http:\/\/lalorrainedesecrivains.univ-lorraine.fr\/?page_id=3908"},"modified":"2018-03-27T16:29:36","modified_gmt":"2018-03-27T15:29:36","slug":"deambulation-messine","status":"publish","type":"page","link":"http:\/\/lalorrainedesecrivains.univ-lorraine.fr\/es\/deambulation-messine\/","title":{"rendered":"D\u00e9ambulation messine"},"content":{"rendered":"<p>[vc_row][vc_column][vc_column_text]<strong>Sylvie Rosienski-Pellerin<\/strong><br \/>\nUniversit\u00e9 York, Coll\u00e8ge universitaire Glendon<br \/>\nCA-M4N 3M6<br \/>\nrosienski[at]glendon.yorku.ca<\/p>\n<h1>D\u00e9ambulation messine<\/h1>\n<hr \/>\n<p>L\u2019eau court<br \/>\nLes lumi\u00e8res dansent<br \/>\nMon sac est lourd<br \/>\nBut I\u2019m in a transe<\/p>\n<p>Des effluves nous enveloppent<br \/>\nElles brillent de mille feux<br \/>\nLeurs engrenages galopent<br \/>\nCouldn\u2019t be merrier<\/p>\n<p>Des enfants m\u2019entourent<br \/>\nLe rire au bout des pieds<br \/>\nMon sac n\u2019est plus lourd<br \/>\nChristmas all the way\u00a0!<\/p>\n<p>Sylvie R-P<\/p>\n<p>****<\/p>\n<p>Je me souviens<br \/>\nDu Quai F\u00e9lix Marchal<br \/>\nLes yeux lev\u00e9s vers la cath\u00e9drale<\/p>\n<p>Je me souviens<br \/>\nDe L\u2019Assiette et le verre<br \/>\nTout \u00e0 c\u00f4t\u00e9 des wagons de chemin de fer<\/p>\n<p>Je me souviens<br \/>\nDe la griffe du Graoully<br \/>\nHaut sur le mur, ou un graffiti\u00a0?<\/p>\n<p>Je me souviens<br \/>\nD\u2019un verre de vin chaud<br \/>\nAu march\u00e9 de No\u00ebl, un petit cadeau<\/p>\n<p>Je me souviens<br \/>\nD\u2019un Chat noir rue Pasteur<br \/>\nSoir\u00e9e r\u00e9ussie, dans la bonne humeur\u00a0![\/vc_column_text][\/vc_column][\/vc_row]<\/p>","protected":false},"excerpt":{"rendered":"<p>[vc_row][vc_column][vc_column_text]Sylvie Rosienski-Pellerin Universit\u00e9 York, Coll\u00e8ge universitaire Glendon CA-M4N 3M6 rosienski[at]glendon.yorku.ca D\u00e9ambulation messine L\u2019eau court Les lumi\u00e8res dansent Mon sac est lourd But I\u2019m in a transe Des<\/p>\n<p> <a class=\"more-link\" href=\"http:\/\/lalorrainedesecrivains.univ-lorraine.fr\/es\/deambulation-messine\/\">Lire la suite<\/a><\/p>\n","protected":false},"author":5,"featured_media":0,"parent":0,"menu_order":0,"comment_status":"closed","ping_status":"closed","template":"","meta":{"footnotes":""},"class_list":["post-3908","page","type-page","status-publish","hentry"],"_links":{"self":[{"href":"http:\/\/lalorrainedesecrivains.univ-lorraine.fr\/es\/wp-json\/wp\/v2\/pages\/3908","targetHints":{"allow":["GET"]}}],"collection":[{"href":"http:\/\/lalorrainedesecrivains.univ-lorraine.fr\/es\/wp-json\/wp\/v2\/pages"}],"about":[{"href":"http:\/\/lalorrainedesecrivains.univ-lorraine.fr\/es\/wp-json\/wp\/v2\/types\/page"}],"author":[{"embeddable":true,"href":"http:\/\/lalorrainedesecrivains.univ-lorraine.fr\/es\/wp-json\/wp\/v2\/users\/5"}],"replies":[{"embeddable":true,"href":"http:\/\/lalorrainedesecrivains.univ-lorraine.fr\/es\/wp-json\/wp\/v2\/comments?post=3908"}],"version-history":[{"count":3,"href":"http:\/\/lalorrainedesecrivains.univ-lorraine.fr\/es\/wp-json\/wp\/v2\/pages\/3908\/revisions"}],"predecessor-version":[{"id":4572,"href":"http:\/\/lalorrainedesecrivains.univ-lorraine.fr\/es\/wp-json\/wp\/v2\/pages\/3908\/revisions\/4572"}],"wp:attachment":[{"href":"http:\/\/lalorrainedesecrivains.univ-lorraine.fr\/es\/wp-json\/wp\/v2\/media?parent=3908"}],"curies":[{"name":"wp","href":"https:\/\/api.w.org\/{rel}","templated":true}]}}