{"id":2,"date":"2015-09-07T07:59:37","date_gmt":"2015-09-07T07:59:37","guid":{"rendered":"http:\/\/thirteen.apollo13.kinsta.com\/?page_id=2"},"modified":"2021-07-15T10:54:30","modified_gmt":"2021-07-15T09:54:30","slug":"home","status":"publish","type":"page","link":"http:\/\/lalorrainedesecrivains.univ-lorraine.fr\/it\/","title":{"rendered":"La Lorena Degli Scrittori"},"content":{"rendered":"<p>[vc_row content_placement=&#8221;top&#8221; css=&#8221;.vc_custom_1464012674608{margin-top: -20px !important;margin-right: 0px !important;margin-bottom: 0px !important;margin-left: -20px !important;border-top-width: -20px !important;border-right-width: 0px !important;border-bottom-width: 0px !important;border-left-width: -20px !important;padding-top: -20px !important;padding-right: 0px !important;padding-bottom: 0px !important;padding-left: -20px !important;}&#8221;][vc_column width=&#8221;1\/3&#8243; css=&#8221;.vc_custom_1464013299743{margin-top: -20px !important;margin-right: 0px !important;margin-bottom: -20px !important;margin-left: -20px !important;border-top-width: -20px !important;border-right-width: 0px !important;border-bottom-width: -20px !important;border-left-width: -20px !important;padding-top: -20px !important;padding-right: 0px !important;padding-bottom: -20px !important;padding-left: -20px !important;}&#8221;][vc_masonry_media_grid element_width=&#8221;12&#8243; gap=&#8221;0&#8243; item=&#8221;masonryMedia_SlideWithTitleAndCaption&#8221; initial_loading_animation=&#8221;fadeIn&#8221; grid_id=&#8221;vc_gid:1511441450028-5c569705-bc22-8&#8243; include=&#8221;1125,2292,1128,2280&#8243; css=&#8221;.vc_custom_1475057394681{margin-top: -20px !important;margin-right: 0px !important;margin-bottom: 0px !important;margin-left: -20px !important;border-top-width: -20px !important;border-right-width: 0px !important;border-bottom-width: 0px !important;border-left-width: -20px !important;padding-top: -20px !important;padding-right: 0px !important;padding-bottom: 0px !important;padding-left: -20px !important;}&#8221;][\/vc_column][vc_column width=&#8221;2\/3&#8243;][vc_empty_space][vc_column_text]<\/p>\n<h1><span style=\"color: #000000;\"><span style=\"color: #cd071e;\">LA LORENA DEGLI SCRITTORI<\/span><\/span><\/h1>\n<h1><span style=\"color: #000000;\">UNA GEOLOCALIZZAZIONE DELLA LETTERATURA<\/span><\/h1>\n<h3><strong>L&#8217;OBIETTIVO PRINCIPALE \u00c8 UNA GEOLOCALIZZAZIONE DELLA LETTERATURA SU UN TERRITORIO SPECIFICO, AL FINE DI ASSICURARE UNA VISIBILIT\u00c0 NAZIONALE E TRANSFRONTALIERA DELLA LORENA SULLA PROBLEMATICA DEL LIBRO. ATTORNO A FIGURE DI SCRITTORI ( EMILIE DU CH\u00c2TELET, PAUL VERLAINE, BERNARD MARIE KOLT\u00c8S, PAUL CLAUDEL, VIRGINIE DESPENTE \u2026), SI TRATTA DI ESPLORARE IL TERRITORIO LETTERARIO DELLA LORENA.<\/strong><\/h3>\n<p><span style=\"color: #000000;\">\u00a0A partire dall&#8217;implementazione di una data visualizzazione iniziata dalle cartografie realizzate, il sito \u201c<strong>la Lorena degli scrittori<\/strong>\u201d propone un panorama letterario della regione includendo un inventario geolocalizzato di autori, opere letterarie, manifestazioni, di dispositivi di creazione e di siti patrimoniali.<\/span><\/p>\n<h4><span style=\"color: #000000;\">CULTURA E TURISMO<\/span><\/h4>\n<p><span style=\"color: #000000;\">Passando per la Lorena, incrociando cultura e turismo, il percorso numerico non si limiter\u00e0 ad una presentazione di estratti letterari, ma propone piuttosto al pubblico un approccio delle attivit\u00e0 di mediazione intorno agli scrittori e della letteratura sul territorio Loreno, sotto molteplici forme ( banca dati, colloqui filmati, articoli scientifici\u2026) ed in funzione di 4 deambulazioni cartografiche in fase di elaborazione:<\/span><\/p>\n<p><span style=\"color: #000000;\">\u2022\u00a0Cartografia degli autori (XVI\u00b0 al XX\u00b0 secolo)<\/span><br \/>\n<span style=\"color: #000000;\">\u2022\u00a0Cartografia della vita letteraria<\/span><br \/>\n<span style=\"color: #000000;\">\u2022\u00a0Cartografia della creazione letteraria (territori e mediazioni culturali)<\/span><br \/>\n<span style=\"color: #000000;\">\u2022\u00a0Cartografia del patrimonio letterario<\/span><\/p>\n<p><span style=\"color: #000000;\">I luoghi letterari e i sentieri Loreni porteranno anche il visitatore verso altre strade ed altri spazi alla frontiera o pi\u00f9 lontani.<\/span><\/p>\n<h4><span style=\"color: #000000;\">LETTERATURA E TECNOLOGIA, RICERCA E COOPERAZIONE<\/span><\/h4>\n<p><span style=\"color: #000000;\">Iniziato dal centro di ricerca sulle mediazioni (CREM) dell&#8217;Universit\u00e0 della Lorena in collaborazione con il reparto Democratizzazione ed Industrie culturali della DRAC &#8211; Alsazia &#8211; Champagne- Ardenne &#8211; Lorena e il Centro Regionale del libro della Lorena, \u201c <strong>la Lorena degli scrittori<\/strong>\u201d mira ad articolare letteratura e tecnologia, a creare, in un modo innovante, sul piano nazionale ed internazionale, una banca dati aperta al pubblico, ma anche una rete di ricercatori interessati da questa problematica ( creazione e territorio, letteratura e numerico) con l&#8217;obiettivo di costituire delle risorse da diffondere.<\/span>[\/vc_column_text][vc_row_inner css=&#8221;.vc_custom_1461751364970{margin-top: 0px !important;margin-bottom: 0px !important;border-top-width: 0px !important;border-bottom-width: 0px !important;padding-top: 0px !important;padding-bottom: 0px !important;}&#8221;][vc_column_inner css=&#8221;.vc_custom_1461751348030{margin-top: 0px !important;margin-bottom: 0px !important;border-top-width: 0px !important;border-bottom-width: 0px !important;padding-top: 0px !important;padding-bottom: 0px !important;}&#8221;][vc_column_text css=&#8221;.vc_custom_1475057268577{margin-top: 0px !important;margin-bottom: 0px !important;border-top-width: 0px !important;border-bottom-width: 0px !important;padding-top: 0px !important;padding-bottom: 0px !important;}&#8221;]<\/p>\n<h6 style=\"text-align: left;\"><img loading=\"lazy\" decoding=\"async\" class=\"alignnone size-full wp-image-2400\" src=\"http:\/\/lalorrainedesecrivains.univ-lorraine.fr\/wp-content\/uploads\/2015\/09\/filet-rouge3.png\" alt=\"filet-rouge3\" width=\"600\" height=\"11\" srcset=\"http:\/\/lalorrainedesecrivains.univ-lorraine.fr\/wp-content\/uploads\/2015\/09\/filet-rouge3.png 600w, http:\/\/lalorrainedesecrivains.univ-lorraine.fr\/wp-content\/uploads\/2015\/09\/filet-rouge3-300x6.png 300w\" sizes=\"auto, (max-width: 600px) 100vw, 600px\" \/><\/h6>\n<p>[\/vc_column_text][\/vc_column_inner][\/vc_row_inner][vc_row_inner][vc_column_inner width=&#8221;1\/3&#8243;][vc_column_text]<\/p>\n<h3><b>Virginie Despentes<\/b><\/h3>\n<p><img loading=\"lazy\" decoding=\"async\" class=\"size-full wp-image-2391 alignleft\" src=\"http:\/\/lalorrainedesecrivains.univ-lorraine.fr\/wp-content\/uploads\/2015\/09\/Virginie-Despentes.jpg\" alt=\"virginie-despentes\" width=\"500\" height=\"600\" srcset=\"http:\/\/lalorrainedesecrivains.univ-lorraine.fr\/wp-content\/uploads\/2015\/09\/Virginie-Despentes.jpg 500w, http:\/\/lalorrainedesecrivains.univ-lorraine.fr\/wp-content\/uploads\/2015\/09\/Virginie-Despentes-250x300.jpg 250w\" sizes=\"auto, (max-width: 500px) 100vw, 500px\" \/>[\/vc_column_text][\/vc_column_inner][vc_column_inner width=&#8221;1\/3&#8243;][vc_column_text]<\/p>\n<h3><b>Baru<\/b><\/h3>\n<p><img loading=\"lazy\" decoding=\"async\" class=\"size-full wp-image-2392 alignleft\" src=\"http:\/\/lalorrainedesecrivains.univ-lorraine.fr\/wp-content\/uploads\/2015\/09\/Baru.jpg\" alt=\"baru\" width=\"500\" height=\"600\" srcset=\"http:\/\/lalorrainedesecrivains.univ-lorraine.fr\/wp-content\/uploads\/2015\/09\/Baru.jpg 500w, http:\/\/lalorrainedesecrivains.univ-lorraine.fr\/wp-content\/uploads\/2015\/09\/Baru-250x300.jpg 250w\" sizes=\"auto, (max-width: 500px) 100vw, 500px\" \/>[\/vc_column_text][\/vc_column_inner][vc_column_inner width=&#8221;1\/3&#8243;][vc_column_text]<\/p>\n<h3><b>Paul Verlaine<\/b><\/h3>\n<p><img loading=\"lazy\" decoding=\"async\" class=\"size-full wp-image-2393 alignleft\" src=\"http:\/\/lalorrainedesecrivains.univ-lorraine.fr\/wp-content\/uploads\/2015\/09\/Paul-Verlaine.jpg\" alt=\"paul-verlaine\" width=\"500\" height=\"600\" srcset=\"http:\/\/lalorrainedesecrivains.univ-lorraine.fr\/wp-content\/uploads\/2015\/09\/Paul-Verlaine.jpg 500w, http:\/\/lalorrainedesecrivains.univ-lorraine.fr\/wp-content\/uploads\/2015\/09\/Paul-Verlaine-250x300.jpg 250w\" sizes=\"auto, (max-width: 500px) 100vw, 500px\" \/>[\/vc_column_text][\/vc_column_inner][\/vc_row_inner][vc_row_inner css=&#8221;.vc_custom_1475057124613{margin-top: 40px !important;}&#8221;][vc_column_inner width=&#8221;1\/3&#8243;][vc_column_text]<\/p>\n<h3><b>Claude Ponti<\/b><\/h3>\n<p><img loading=\"lazy\" decoding=\"async\" class=\"size-full wp-image-2394 alignleft\" src=\"http:\/\/lalorrainedesecrivains.univ-lorraine.fr\/wp-content\/uploads\/2015\/09\/Claude_Ponti.jpg\" alt=\"claude_ponti\" width=\"500\" height=\"600\" srcset=\"http:\/\/lalorrainedesecrivains.univ-lorraine.fr\/wp-content\/uploads\/2015\/09\/Claude_Ponti.jpg 500w, http:\/\/lalorrainedesecrivains.univ-lorraine.fr\/wp-content\/uploads\/2015\/09\/Claude_Ponti-250x300.jpg 250w\" sizes=\"auto, (max-width: 500px) 100vw, 500px\" \/>[\/vc_column_text][\/vc_column_inner][vc_column_inner width=&#8221;1\/3&#8243;][vc_column_text]<\/p>\n<h3><b>Gustave Kahn<\/b><\/h3>\n<p><img loading=\"lazy\" decoding=\"async\" class=\"size-full wp-image-2395 alignleft\" src=\"http:\/\/lalorrainedesecrivains.univ-lorraine.fr\/wp-content\/uploads\/2015\/09\/Gustave_Kahn_portrait.jpg\" alt=\"gustave_kahn_portrait\" width=\"500\" height=\"600\" srcset=\"http:\/\/lalorrainedesecrivains.univ-lorraine.fr\/wp-content\/uploads\/2015\/09\/Gustave_Kahn_portrait.jpg 500w, http:\/\/lalorrainedesecrivains.univ-lorraine.fr\/wp-content\/uploads\/2015\/09\/Gustave_Kahn_portrait-250x300.jpg 250w\" sizes=\"auto, (max-width: 500px) 100vw, 500px\" \/>[\/vc_column_text][\/vc_column_inner][vc_column_inner width=&#8221;1\/3&#8243;][vc_column_text]<\/p>\n<h3><b>Philippe Claudel<\/b><\/h3>\n<p><strong><img loading=\"lazy\" decoding=\"async\" class=\"size-full wp-image-2396 alignleft\" src=\"http:\/\/lalorrainedesecrivains.univ-lorraine.fr\/wp-content\/uploads\/2015\/09\/Philippe-Claudel.jpg\" alt=\"philippe-claudel\" width=\"500\" height=\"600\" srcset=\"http:\/\/lalorrainedesecrivains.univ-lorraine.fr\/wp-content\/uploads\/2015\/09\/Philippe-Claudel.jpg 500w, http:\/\/lalorrainedesecrivains.univ-lorraine.fr\/wp-content\/uploads\/2015\/09\/Philippe-Claudel-250x300.jpg 250w\" sizes=\"auto, (max-width: 500px) 100vw, 500px\" \/><\/strong>[\/vc_column_text][\/vc_column_inner][\/vc_row_inner][vc_row_inner css=&#8221;.vc_custom_1475057363832{margin-top: 30px !important;margin-bottom: 50px !important;}&#8221;][vc_column_inner][vc_column_text css=&#8221;.vc_custom_1475057268577{margin-top: 0px !important;margin-bottom: 0px !important;border-top-width: 0px !important;border-bottom-width: 0px !important;padding-top: 0px !important;padding-bottom: 0px !important;}&#8221;]<\/p>\n<h6 style=\"text-align: left;\"><img loading=\"lazy\" decoding=\"async\" class=\"alignnone size-full wp-image-2400\" src=\"http:\/\/lalorrainedesecrivains.univ-lorraine.fr\/wp-content\/uploads\/2015\/09\/filet-rouge3.png\" alt=\"filet-rouge3\" width=\"600\" height=\"11\" srcset=\"http:\/\/lalorrainedesecrivains.univ-lorraine.fr\/wp-content\/uploads\/2015\/09\/filet-rouge3.png 600w, http:\/\/lalorrainedesecrivains.univ-lorraine.fr\/wp-content\/uploads\/2015\/09\/filet-rouge3-300x6.png 300w\" sizes=\"auto, (max-width: 600px) 100vw, 600px\" \/><\/h6>\n<p>[\/vc_column_text][\/vc_column_inner][\/vc_row_inner][vc_row_inner][vc_column_inner][vc_empty_space height=&#8221;50px&#8221;][\/vc_column_inner][\/vc_row_inner][vc_row_inner][vc_column_inner width=&#8221;1\/6&#8243;][vc_single_image image=&#8221;3547&#8243; img_size=&#8221;full&#8221;][\/vc_column_inner][vc_column_inner width=&#8221;1\/6&#8243;][vc_single_image image=&#8221;2349&#8243; img_size=&#8221;full&#8221;][\/vc_column_inner][vc_column_inner width=&#8221;1\/6&#8243;][vc_single_image image=&#8221;2350&#8243; img_size=&#8221;full&#8221;][\/vc_column_inner][vc_column_inner width=&#8221;1\/6&#8243;][vc_single_image image=&#8221;2352&#8243; img_size=&#8221;full&#8221;][\/vc_column_inner][vc_column_inner width=&#8221;1\/6&#8243;][vc_single_image image=&#8221;2353&#8243; img_size=&#8221;full&#8221;][\/vc_column_inner][vc_column_inner width=&#8221;1\/6&#8243;][vc_single_image image=&#8221;2348&#8243; img_size=&#8221;full&#8221;][\/vc_column_inner][\/vc_row_inner][\/vc_column][\/vc_row]<\/p>","protected":false},"excerpt":{"rendered":"<p>[vc_row content_placement=&#8221;top&#8221; css=&#8221;.vc_custom_1464012674608{margin-top: -20px !important;margin-right: 0px !important;margin-bottom: 0px !important;margin-left: -20px !important;border-top-width: -20px !important;border-right-width: 0px !important;border-bottom-width: 0px !important;border-left-width: -20px !important;padding-top: -20px !important;padding-right: 0px !important;padding-bottom: 0px !important;padding-left: -20px !important;}&#8221;][vc_column<\/p>\n<p> <a class=\"more-link\" href=\"http:\/\/lalorrainedesecrivains.univ-lorraine.fr\/it\/\">Lire la suite<\/a><\/p>\n","protected":false},"author":1,"featured_media":0,"parent":0,"menu_order":0,"comment_status":"open","ping_status":"closed","template":"","meta":{"footnotes":""},"class_list":["post-2","page","type-page","status-publish","hentry"],"_links":{"self":[{"href":"http:\/\/lalorrainedesecrivains.univ-lorraine.fr\/it\/wp-json\/wp\/v2\/pages\/2","targetHints":{"allow":["GET"]}}],"collection":[{"href":"http:\/\/lalorrainedesecrivains.univ-lorraine.fr\/it\/wp-json\/wp\/v2\/pages"}],"about":[{"href":"http:\/\/lalorrainedesecrivains.univ-lorraine.fr\/it\/wp-json\/wp\/v2\/types\/page"}],"author":[{"embeddable":true,"href":"http:\/\/lalorrainedesecrivains.univ-lorraine.fr\/it\/wp-json\/wp\/v2\/users\/1"}],"replies":[{"embeddable":true,"href":"http:\/\/lalorrainedesecrivains.univ-lorraine.fr\/it\/wp-json\/wp\/v2\/comments?post=2"}],"version-history":[{"count":76,"href":"http:\/\/lalorrainedesecrivains.univ-lorraine.fr\/it\/wp-json\/wp\/v2\/pages\/2\/revisions"}],"predecessor-version":[{"id":4729,"href":"http:\/\/lalorrainedesecrivains.univ-lorraine.fr\/it\/wp-json\/wp\/v2\/pages\/2\/revisions\/4729"}],"wp:attachment":[{"href":"http:\/\/lalorrainedesecrivains.univ-lorraine.fr\/it\/wp-json\/wp\/v2\/media?parent=2"}],"curies":[{"name":"wp","href":"https:\/\/api.w.org\/{rel}","templated":true}]}}