{"id":3190,"date":"2016-10-03T17:23:40","date_gmt":"2016-10-03T16:23:40","guid":{"rendered":"http:\/\/lalorrainedesecrivains.univ-lorraine.fr\/?page_id=3190"},"modified":"2017-01-23T15:05:05","modified_gmt":"2017-01-23T14:05:05","slug":"ecrire-en-residence","status":"publish","type":"page","link":"http:\/\/lalorrainedesecrivains.univ-lorraine.fr\/it\/ecrire-en-residence\/","title":{"rendered":"Ecrire en r\u00e9sidence"},"content":{"rendered":"<p>[vc_row full_width=&#8221;stretch_row&#8221; parallax=&#8221;content-moving&#8221; parallax_image=&#8221;3196&#8243;][vc_column][vc_empty_space height=&#8221;150px&#8221;][vc_custom_heading text=&#8221;Ecrire en r\u00e9sidence&#8221; font_container=&#8221;tag:h2|font_size:64|text_align:center|color:%23ffffff&#8221; google_fonts=&#8221;font_family:Lato%3A100%2C100italic%2C300%2C300italic%2Cregular%2Citalic%2C700%2C700italic%2C900%2C900italic|font_style:700%20bold%20regular%3A700%3Anormal&#8221;][vc_empty_space height=&#8221;150px&#8221;][\/vc_column][\/vc_row][vc_row full_width=&#8221;stretch_row&#8221; parallax=&#8221;content-moving&#8221; css=&#8221;.vc_custom_1475258724371{margin-top: 0px !important;border-top-width: 0px !important;padding-top: 0px !important;}&#8221;][vc_column width=&#8221;2\/3&#8243;][vc_column_text css=&#8221;.vc_custom_1475765720881{margin-top: 1px !important;border-top-width: 1px !important;padding-top: 1px !important;}&#8221;]<a href=\"http:\/\/videos.univ-lorraine.fr\/index.php?act=view&amp;id=3281\" target=\"_blank\"><b>L<\/b><\/a><b>e documentaire \u00c9crire en r\u00e9sidence nous invite \u00e0 d\u00e9couvrir le fonctionnement du dispositif de la r\u00e9sidence d\u2019\u00e9crivain dans une perspective europ\u00e9enne au sein de la Grande R\u00e9gion (Allemagne, Belgique, France, Luxembourg).<\/b><\/p>\n<p>Avec Carole Bisenius-Penin, chercheuse au Centre de recherche sur les m\u00e9diations (CREM), nous suivons le programme universitaire men\u00e9 au sein de la Maison des Sciences de l\u2019Homme Lorraine, qui nous permet de d\u00e9couvrir et de rencontrer des \u00e9crivains en situation de cr\u00e9ation et de m\u00e9diation culturelle, des organisateurs de diff\u00e9rentes structures r\u00e9sidentielles et les repr\u00e9sentants des institutions qui les soutiennent. Se posent alors plusieurs questions. Quels sont les enjeux et objectifs de ces r\u00e9sidences sur le territoire de la Grande-R\u00e9gion ? Comment et en quoi ces structures favorisent-elles le processus de cr\u00e9ation litt\u00e9raire en lien avec les territoires ? Les r\u00e9sidences rendent-t-elles visible le travail de cr\u00e9ation comme processus litt\u00e9raire en permettant aux publics d\u2019approcher l\u2019\u0153uvre comme le produit d\u2019une \u00e9laboration artistique ? Ces questions trouvent r\u00e9ponses ici, entre t\u00e9moignages d\u2019auteurs europ\u00e9ens et qu\u00e9b\u00e9cois, discours d\u2019institutionnels culturels et politiques, regards d\u2019organisateurs, et analyses scientifiques des chercheurs en sociologie, litt\u00e9rature contemporaine et sciences de l\u2019information et de la communication qui ont men\u00e9 cette recherche pendant deux ann\u00e9es.<\/p>\n<p><a href=\"http:\/\/www.centrenationaldulivre.fr\" target=\"_blank\">www.centrenationaldulivre.fr<\/a>[\/vc_column_text][\/vc_column][vc_column width=&#8221;1\/3&#8243;][vc_single_image image=&#8221;1591&#8243; img_size=&#8221;full&#8221;][\/vc_column][\/vc_row][vc_row][vc_column][vc_separator][\/vc_column][\/vc_row][vc_row][vc_column width=&#8221;1\/2&#8243;][vc_column_text]<\/p>\n<h4>\u00ab\u00a0Ecrire en r\u00e9sidence\u00a0\u00bb nous invite \u00e0 d\u00e9couvrir le fonctionnement du dispositif de la r\u00e9sidence d\u2019\u00e9crivain au sein de la Grande R\u00e9gion\u00a0: Sarre, Rh\u00e9nanie-Palatinat, Wallonie, Luxembourg et Lorraine.<\/h4>\n<p>Document audiovisuel de 42 minutes[\/vc_column_text][\/vc_column][vc_column width=&#8221;1\/2&#8243;][vc_column_text]\n<!-- iframe plugin v.4.5 wordpress.org\/plugins\/iframe\/ -->\n<iframe loading=\"lazy\" src=\"http:\/\/videos.univ-lorraine.fr\/video.php?id=3281&#038;width=480&#038;height=360&#038;autostart=false\" width=\"480\" height=\"360\" frameborder=\"0\" 0=\"allowfullscreen=&quot;\" scrolling=\"yes\" class=\"iframe-class\"><\/iframe>\n[\/vc_column_text][\/vc_column][\/vc_row]<\/p>\n","protected":false},"excerpt":{"rendered":"<p>[vc_row full_width=&#8221;stretch_row&#8221; parallax=&#8221;content-moving&#8221; parallax_image=&#8221;3196&#8243;][vc_column][vc_empty_space height=&#8221;150px&#8221;][vc_custom_heading text=&#8221;Ecrire en r\u00e9sidence&#8221; font_container=&#8221;tag:h2|font_size:64|text_align:center|color:%23ffffff&#8221; google_fonts=&#8221;font_family:Lato%3A100%2C100italic%2C300%2C300italic%2Cregular%2Citalic%2C700%2C700italic%2C900%2C900italic|font_style:700%20bold%20regular%3A700%3Anormal&#8221;][vc_empty_space height=&#8221;150px&#8221;][\/vc_column][\/vc_row][vc_row full_width=&#8221;stretch_row&#8221; parallax=&#8221;content-moving&#8221; css=&#8221;.vc_custom_1475258724371{margin-top: 0px !important;border-top-width: 0px !important;padding-top: 0px !important;}&#8221;][vc_column width=&#8221;2\/3&#8243;][vc_column_text css=&#8221;.vc_custom_1475765720881{margin-top: 1px !important;border-top-width: 1px !important;padding-top: 1px<\/p>\n<p> <a class=\"more-link\" href=\"http:\/\/lalorrainedesecrivains.univ-lorraine.fr\/it\/ecrire-en-residence\/\">Lire la suite<\/a><\/p>\n","protected":false},"author":3,"featured_media":0,"parent":0,"menu_order":0,"comment_status":"closed","ping_status":"closed","template":"","meta":{"footnotes":""},"class_list":["post-3190","page","type-page","status-publish","hentry"],"_links":{"self":[{"href":"http:\/\/lalorrainedesecrivains.univ-lorraine.fr\/it\/wp-json\/wp\/v2\/pages\/3190","targetHints":{"allow":["GET"]}}],"collection":[{"href":"http:\/\/lalorrainedesecrivains.univ-lorraine.fr\/it\/wp-json\/wp\/v2\/pages"}],"about":[{"href":"http:\/\/lalorrainedesecrivains.univ-lorraine.fr\/it\/wp-json\/wp\/v2\/types\/page"}],"author":[{"embeddable":true,"href":"http:\/\/lalorrainedesecrivains.univ-lorraine.fr\/it\/wp-json\/wp\/v2\/users\/3"}],"replies":[{"embeddable":true,"href":"http:\/\/lalorrainedesecrivains.univ-lorraine.fr\/it\/wp-json\/wp\/v2\/comments?post=3190"}],"version-history":[{"count":12,"href":"http:\/\/lalorrainedesecrivains.univ-lorraine.fr\/it\/wp-json\/wp\/v2\/pages\/3190\/revisions"}],"predecessor-version":[{"id":3652,"href":"http:\/\/lalorrainedesecrivains.univ-lorraine.fr\/it\/wp-json\/wp\/v2\/pages\/3190\/revisions\/3652"}],"wp:attachment":[{"href":"http:\/\/lalorrainedesecrivains.univ-lorraine.fr\/it\/wp-json\/wp\/v2\/media?parent=3190"}],"curies":[{"name":"wp","href":"https:\/\/api.w.org\/{rel}","templated":true}]}}