{"id":3904,"date":"2017-07-17T14:30:11","date_gmt":"2017-07-17T13:30:11","guid":{"rendered":"http:\/\/lalorrainedesecrivains.univ-lorraine.fr\/?page_id=3904"},"modified":"2018-03-27T16:29:17","modified_gmt":"2018-03-27T15:29:17","slug":"le-sentier-des-lanternes","status":"publish","type":"page","link":"http:\/\/lalorrainedesecrivains.univ-lorraine.fr\/it\/le-sentier-des-lanternes\/","title":{"rendered":"Le sentier des lanternes"},"content":{"rendered":"<p>[vc_row][vc_column][vc_column_text]<strong>\u00c9ric Mathieu<\/strong><br \/>\nUniversit\u00e9 d\u2019Ottawa<br \/>\nCA-K1N 6N5<br \/>\nemathieu[at]uottawa.ca<\/p>\n<h1>Sentier des lanternes<\/h1>\n<hr \/>\n<p>Introduction<br \/>\nTout de suite mon sixi\u00e8me sens s\u2019active<br \/>\nSurveill\u00e9 par surgarde<br \/>\nFouill\u00e9 \u00e0 l\u2019entr\u00e9e<\/p>\n<p>1.<br \/>\nPromenade \u00e0 MetzMon c\u0153ur apeur\u00e9 s\u2019active<br \/>\nDoucement<\/p>\n<p>2.<br \/>\nJ\u2019ai perdu le groupe<br \/>\nLes eaux noires de la Moselle \u00e0 droite<br \/>\nJ\u2019ai peur<\/p>\n<p>3.<br \/>\nR\u00e9ussir ensemble<br \/>\nCette mission<br \/>\nCr\u00e9ative<\/p>\n<p>4.<br \/>\nJe suis l\u00e0 dans le froid<br \/>\nQuel sens \u00e0 cette vie<br \/>\nDe lumi\u00e8re<\/p>\n<p>5.<br \/>\nNo\u00ebl approche<br \/>\nVisiblement<br \/>\nMais j\u2019ai envie de faire pipi<\/p>\n<p>6.<br \/>\nMa vie abandonn\u00e9e<br \/>\nParti d\u2019ici<br \/>\nPourquoi\u00a0?<\/p>\n<p>7.<br \/>\nIn a dark mood<br \/>\nI follow the crowd<br \/>\nEstranged<\/p>\n<p>8.<br \/>\nChasseur de dragon<br \/>\nUn peu de chaleur<br \/>\nDans ta gueule enflamm\u00e9e<\/p>\n<p>9.<br \/>\nO\u00f9 aller de ce pas ind\u00e9cis<br \/>\nErrer encore dans la lumi\u00e8re<br \/>\nEt le froid<\/p>\n<p>10.<br \/>\nS\u00e9duit par toi<br \/>\nDans ces couleurs<br \/>\nTranchantes<\/p>\n<p>11.<br \/>\nMais o\u00f9 est le Graoully<br \/>\nJe ne vois que des chevaux<br \/>\nD\u2019hiver sur l\u2019eau noire<\/p>\n<p>12.<br \/>\nNon<br \/>\nMon c\u0153ur refroidi<br \/>\nNe passera pas la nuit<\/p>\n<p>Renvoi<br \/>\nToilettes ferm\u00e9es<br \/>\nJe me dandine<br \/>\n\u00c0 la sortie<\/p>\n<p><u>Dans la ville<\/u><\/p>\n<p>Introduction<br \/>\nD\u00e9ambulation divinatoire<br \/>\nDans la ville d\u00e9cid\u00e9e<br \/>\n\u00c0 f\u00eater No\u00ebl<\/p>\n<p>1.<br \/>\nO\u00f9 vais-je?<br \/>\nPlace de chambre<br \/>\n\u00c0 l\u2019envers<\/p>\n<p>2.<br \/>\nOk ralentis<br \/>\nMais toujours tr\u00e8s envie<br \/>\nDe faire pipi<\/p>\n<p>3.<br \/>\nAllonz enfants<br \/>\nQuelle est le nom<br \/>\nDe la place\u00a0?<\/p>\n<p>4.<br \/>\nOn lutte comme<br \/>\nOn peut<br \/>\nPlace d\u2019Armes<\/p>\n<p>Renvoi<br \/>\nPromesse d\u2019un verre<br \/>\nDe vin<br \/>\nEt d\u2019un chat noir[\/vc_column_text][\/vc_column][\/vc_row]<\/p>","protected":false},"excerpt":{"rendered":"<p>[vc_row][vc_column][vc_column_text]\u00c9ric Mathieu Universit\u00e9 d\u2019Ottawa CA-K1N 6N5 emathieu[at]uottawa.ca Sentier des lanternes Introduction Tout de suite mon sixi\u00e8me sens s\u2019active Surveill\u00e9 par surgarde Fouill\u00e9 \u00e0 l\u2019entr\u00e9e 1. Promenade \u00e0<\/p>\n<p> <a class=\"more-link\" href=\"http:\/\/lalorrainedesecrivains.univ-lorraine.fr\/it\/le-sentier-des-lanternes\/\">Lire la suite<\/a><\/p>\n","protected":false},"author":5,"featured_media":0,"parent":0,"menu_order":0,"comment_status":"closed","ping_status":"closed","template":"","meta":{"footnotes":""},"class_list":["post-3904","page","type-page","status-publish","hentry"],"_links":{"self":[{"href":"http:\/\/lalorrainedesecrivains.univ-lorraine.fr\/it\/wp-json\/wp\/v2\/pages\/3904","targetHints":{"allow":["GET"]}}],"collection":[{"href":"http:\/\/lalorrainedesecrivains.univ-lorraine.fr\/it\/wp-json\/wp\/v2\/pages"}],"about":[{"href":"http:\/\/lalorrainedesecrivains.univ-lorraine.fr\/it\/wp-json\/wp\/v2\/types\/page"}],"author":[{"embeddable":true,"href":"http:\/\/lalorrainedesecrivains.univ-lorraine.fr\/it\/wp-json\/wp\/v2\/users\/5"}],"replies":[{"embeddable":true,"href":"http:\/\/lalorrainedesecrivains.univ-lorraine.fr\/it\/wp-json\/wp\/v2\/comments?post=3904"}],"version-history":[{"count":3,"href":"http:\/\/lalorrainedesecrivains.univ-lorraine.fr\/it\/wp-json\/wp\/v2\/pages\/3904\/revisions"}],"predecessor-version":[{"id":4571,"href":"http:\/\/lalorrainedesecrivains.univ-lorraine.fr\/it\/wp-json\/wp\/v2\/pages\/3904\/revisions\/4571"}],"wp:attachment":[{"href":"http:\/\/lalorrainedesecrivains.univ-lorraine.fr\/it\/wp-json\/wp\/v2\/media?parent=3904"}],"curies":[{"name":"wp","href":"https:\/\/api.w.org\/{rel}","templated":true}]}}